{"id":23,"date":"2025-02-11T21:09:43","date_gmt":"2025-02-11T20:09:43","guid":{"rendered":"https:\/\/www.plamarcell.cat\/web\/?page_id=23"},"modified":"2025-05-22T16:54:09","modified_gmt":"2025-05-22T14:54:09","slug":"consergeria","status":"publish","type":"page","link":"https:\/\/www.plamarcell.cat\/web\/consergeria\/","title":{"rendered":"Consergeria"},"content":{"rendered":"<div  class='flex_column av-b4y4f-ebeb5111589b63974c516251ca96ad86 av_one_third  avia-builder-el-0  el_before_av_two_third  avia-builder-el-first  first flex_column_div  '     ><style type=\"text\/css\" data-created_by=\"avia_inline_auto\" id=\"style-css-av-m7z0fq2k-7abcb754cdb194dcb0e736d9a9f46bc3\">\n#top .av-special-heading.av-m7z0fq2k-7abcb754cdb194dcb0e736d9a9f46bc3{\npadding-bottom:10px;\n}\nbody .av-special-heading.av-m7z0fq2k-7abcb754cdb194dcb0e736d9a9f46bc3 .av-special-heading-tag .heading-char{\nfont-size:25px;\n}\n.av-special-heading.av-m7z0fq2k-7abcb754cdb194dcb0e736d9a9f46bc3 .av-subheading{\nfont-size:15px;\n}\n<\/style>\n<div  class='av-special-heading av-m7z0fq2k-7abcb754cdb194dcb0e736d9a9f46bc3 av-special-heading-h1 blockquote modern-quote  avia-builder-el-1  avia-builder-el-no-sibling '><h1 class='av-special-heading-tag '  itemprop=\"headline\"  >Consergeria<\/h1><div class=\"special-heading-border\"><div class=\"special-heading-inner-border\"><\/div><\/div><\/div><\/div>\n<div  class='flex_column av-6b2pj-fe26f985a3e0d2acd4e59f6d40803b50 av_two_third  avia-builder-el-2  el_after_av_one_third  avia-builder-el-last  flex_column_div  '     ><p>\n<style type=\"text\/css\" data-created_by=\"avia_inline_auto\" id=\"style-css-av-9wn4z-1499e91ee82e3dd30439ddae0c355e9e\">\n.avia-image-container.av-9wn4z-1499e91ee82e3dd30439ddae0c355e9e img.avia_image{\nbox-shadow:none;\n}\n.avia-image-container.av-9wn4z-1499e91ee82e3dd30439ddae0c355e9e .av-image-caption-overlay-center{\ncolor:#ffffff;\n}\n<\/style>\n<div  class='avia-image-container av-9wn4z-1499e91ee82e3dd30439ddae0c355e9e av-styling- avia-align-center  avia-builder-el-3  el_before_av_hr  avia-builder-el-first '   itemprop=\"image\" itemscope=\"itemscope\" itemtype=\"https:\/\/schema.org\/ImageObject\" ><div class=\"avia-image-container-inner\"><div class=\"avia-image-overlay-wrap\"><img decoding=\"async\" fetchpriority=\"high\" class='wp-image-3938 avia-img-lazy-loading-not-3938 avia_image ' src=\"https:\/\/www.plamarcell.cat\/web\/wp-content\/uploads\/2025\/04\/SecCons.jpg\" alt='Institut Pla Marcell - Cardedeu' title=''  height=\"630\" width=\"1500\"  itemprop=\"thumbnailUrl\" srcset=\"https:\/\/www.plamarcell.cat\/web\/wp-content\/uploads\/2025\/04\/SecCons.jpg 1500w, https:\/\/www.plamarcell.cat\/web\/wp-content\/uploads\/2025\/04\/SecCons-300x126.jpg 300w, https:\/\/www.plamarcell.cat\/web\/wp-content\/uploads\/2025\/04\/SecCons-1030x433.jpg 1030w, https:\/\/www.plamarcell.cat\/web\/wp-content\/uploads\/2025\/04\/SecCons-768x323.jpg 768w, https:\/\/www.plamarcell.cat\/web\/wp-content\/uploads\/2025\/04\/SecCons-705x296.jpg 705w\" sizes=\"(max-width: 1500px) 100vw, 1500px\" \/><\/div><\/div><\/div><br \/>\n\n<style type=\"text\/css\" data-created_by=\"avia_inline_auto\" id=\"style-css-av-2bmtj-8756be8bde4a72299f4764b334265093\">\n#top .hr.hr-invisible.av-2bmtj-8756be8bde4a72299f4764b334265093{\nheight:20px;\n}\n<\/style>\n<div  class='hr av-2bmtj-8756be8bde4a72299f4764b334265093 hr-invisible  avia-builder-el-4  el_after_av_image  el_before_av_heading '><span class='hr-inner '><span class=\"hr-inner-style\"><\/span><\/span><\/div><br \/>\n\n<style type=\"text\/css\" data-created_by=\"avia_inline_auto\" id=\"style-css-av-m7z0pkp0-c50badba414f8ea38237a462c4c61e42\">\n#top .av-special-heading.av-m7z0pkp0-c50badba414f8ea38237a462c4c61e42{\npadding-bottom:10px;\n}\nbody .av-special-heading.av-m7z0pkp0-c50badba414f8ea38237a462c4c61e42 .av-special-heading-tag .heading-char{\nfont-size:25px;\n}\n.av-special-heading.av-m7z0pkp0-c50badba414f8ea38237a462c4c61e42 .av-subheading{\nfont-size:15px;\n}\n<\/style>\n<div  class='av-special-heading av-m7z0pkp0-c50badba414f8ea38237a462c4c61e42 av-special-heading-h2 blockquote modern-quote  avia-builder-el-5  el_after_av_hr  el_before_av_textblock '><h2 class='av-special-heading-tag '  itemprop=\"headline\"  >  Contacte<\/h2><div class=\"special-heading-border\"><div class=\"special-heading-inner-border\"><\/div><\/div><\/div><br \/>\n<section  class='av_textblock_section av-m7z0pewv-3db70e70aed59b7eedcdb5c39953d3f4 '   itemscope=\"itemscope\" itemtype=\"https:\/\/schema.org\/CreativeWork\" ><div class='avia_textblock'  itemprop=\"text\" ><p><b>Correu electr\u00f2nic:<\/b><a href=\"mailto:consergeria@plamarcell.net\" target=\"_blank\" rel=\"noopener\"><span style=\"font-weight: 400;\"> consergeria@plamarcell.net<\/span><\/a><br \/>\n<b>Tel\u00e8fon:<\/b><span style=\"font-weight: 400;\"> 93 871 38 66<\/span><\/p>\n<\/div><\/section><br \/>\n<div  class='hr av-913pz-07b028305e314918d664972aaebaed74 hr-default  avia-builder-el-7  el_after_av_textblock  el_before_av_heading '><span class='hr-inner '><span class=\"hr-inner-style\"><\/span><\/span><\/div><br \/>\n\n<style type=\"text\/css\" data-created_by=\"avia_inline_auto\" id=\"style-css-av-m7z0hnax-20726915fc9c65d67322f0aeaa04b1ac\">\n#top .av-special-heading.av-m7z0hnax-20726915fc9c65d67322f0aeaa04b1ac{\npadding-bottom:10px;\n}\nbody .av-special-heading.av-m7z0hnax-20726915fc9c65d67322f0aeaa04b1ac .av-special-heading-tag .heading-char{\nfont-size:25px;\n}\n.av-special-heading.av-m7z0hnax-20726915fc9c65d67322f0aeaa04b1ac .av-subheading{\nfont-size:15px;\n}\n<\/style>\n<div  class='av-special-heading av-m7z0hnax-20726915fc9c65d67322f0aeaa04b1ac av-special-heading-h2 blockquote modern-quote  avia-builder-el-8  el_after_av_hr  el_before_av_textblock '><h2 class='av-special-heading-tag '  itemprop=\"headline\"  >Horari d\u2019atenci\u00f3 al p\u00fablic<\/h2><div class=\"special-heading-border\"><div class=\"special-heading-inner-border\"><\/div><\/div><\/div><br \/>\n<section  class='av_textblock_section av-m7z0hici-01f2b382c59d80e513c5f5296002a358 '   itemscope=\"itemscope\" itemtype=\"https:\/\/schema.org\/CreativeWork\" ><div class='avia_textblock'  itemprop=\"text\" ><p><span style=\"font-weight: 400;\">De <\/span><b>7.45 a 20.15 h<\/b><span style=\"font-weight: 400;\">.<\/span><\/p>\n<ul>\n<li><span style=\"font-weight: 400;\">Al mat\u00ed: us atendr\u00e0 <\/span><b>Assun L\u00f3pez<\/b><span style=\"font-weight: 400;\">.<\/span><\/li>\n<li><span style=\"font-weight: 400;\">A la tarda: us atendr\u00e0 <\/span><b>Laura G\u00e1lvez<\/b><span style=\"font-weight: 400;\">.<\/span><\/li>\n<\/ul>\n<\/div><\/section><br \/>\n<div  class='hr av-7f8un-61060369c7d10d8b59f0569e931a9669 hr-default  avia-builder-el-10  el_after_av_textblock  el_before_av_heading '><span class='hr-inner '><span class=\"hr-inner-style\"><\/span><\/span><\/div><br \/>\n\n<style type=\"text\/css\" data-created_by=\"avia_inline_auto\" id=\"style-css-av-m7z0iprb-8b92517e1059337a9d6af758f7255f7e\">\n#top .av-special-heading.av-m7z0iprb-8b92517e1059337a9d6af758f7255f7e{\npadding-bottom:10px;\n}\nbody .av-special-heading.av-m7z0iprb-8b92517e1059337a9d6af758f7255f7e .av-special-heading-tag .heading-char{\nfont-size:25px;\n}\n.av-special-heading.av-m7z0iprb-8b92517e1059337a9d6af758f7255f7e .av-subheading{\nfont-size:15px;\n}\n<\/style>\n<div  class='av-special-heading av-m7z0iprb-8b92517e1059337a9d6af758f7255f7e av-special-heading-h2 blockquote modern-quote  avia-builder-el-11  el_after_av_hr  el_before_av_textblock '><h2 class='av-special-heading-tag '  itemprop=\"headline\"  >  Com justificar l\u2019abs\u00e8ncia d\u2019alumnat?<\/h2><div class=\"special-heading-border\"><div class=\"special-heading-inner-border\"><\/div><\/div><\/div><br \/>\n<section  class='av_textblock_section av-m7z0il08-866d0c48582d9321ca33c422a523c8f4 '   itemscope=\"itemscope\" itemtype=\"https:\/\/schema.org\/CreativeWork\" ><div class='avia_textblock'  itemprop=\"text\" ><ul>\n<li><b>Enviant un correu electr\u00f2nic<\/b><span style=\"font-weight: 400;\">:<\/span><br \/>\n<span style=\"font-weight: 400;\">Envieu un correu al tutor\/a del vostre fill\/a amb c\u00f2pia a <\/span><a href=\"mailto:consergeria@plamarcell.net\" target=\"_blank\" rel=\"noopener\">consergeria@plamarcell.net<\/a><span style=\"font-weight: 400;\">, indicant el dia i el motiu de l\u2019abs\u00e8ncia.<br \/>\n<\/span><span style=\"font-weight: 400;\">A les <\/span><b>9 h del mat\u00ed<\/b><span style=\"font-weight: 400;\"> s\u2019envien autom\u00e0ticament les abs\u00e8ncies del dia (ESO-Cicles formatius). Les fam\u00edlies d\u2019IFE s\u00f3n informades directament per les tutores.<\/span><\/li>\n<\/ul>\n<ul>\n<li><b>Trucant al tel\u00e8fon<\/b><span style=\"font-weight: 400;\">:<\/span><br \/>\n93 871 38 66<\/li>\n<\/ul>\n<\/div><\/section><br \/>\n<div  class='hr av-5lcmn-a3e002936d067658dee7aaa9c005dc8f hr-default  avia-builder-el-13  el_after_av_textblock  el_before_av_heading '><span class='hr-inner '><span class=\"hr-inner-style\"><\/span><\/span><\/div><br \/>\n\n<style type=\"text\/css\" data-created_by=\"avia_inline_auto\" id=\"style-css-av-m7z0mvxh-3303fbc97beb8030f7500508b14a1c42\">\n#top .av-special-heading.av-m7z0mvxh-3303fbc97beb8030f7500508b14a1c42{\npadding-bottom:10px;\n}\nbody .av-special-heading.av-m7z0mvxh-3303fbc97beb8030f7500508b14a1c42 .av-special-heading-tag .heading-char{\nfont-size:25px;\n}\n.av-special-heading.av-m7z0mvxh-3303fbc97beb8030f7500508b14a1c42 .av-subheading{\nfont-size:15px;\n}\n<\/style>\n<div  class='av-special-heading av-m7z0mvxh-3303fbc97beb8030f7500508b14a1c42 av-special-heading-h2 blockquote modern-quote  avia-builder-el-14  el_after_av_hr  el_before_av_textblock '><h2 class='av-special-heading-tag '  itemprop=\"headline\"  >L\u2019alumnat menor d\u2019edat, pot sortir sol del centre?<\/h2><div class=\"special-heading-border\"><div class=\"special-heading-inner-border\"><\/div><\/div><\/div><br \/>\n<section  class='av_textblock_section av-m7z0mrsp-e50ea4577dbf8ec0cb0b8ac692d0a0c4 '   itemscope=\"itemscope\" itemtype=\"https:\/\/schema.org\/CreativeWork\" ><div class='avia_textblock'  itemprop=\"text\" ><p>L\u2019alumnat menor d\u2019edat <b>no pot sortir sol del centre<\/b>. Si ha d\u2019acudir a alguna cita m\u00e8dica, renovaci\u00f3 DNI, Passaport:<\/p>\n<ul>\n<li><span style=\"font-weight: 400;\">Cal que <\/span><b>alg\u00fa de la fam\u00edlia o tutor\/a legal<\/b><span style=\"font-weight: 400;\"> el vingui a buscar i signi conforme se l\u2019end\u00fa.<\/span><\/li>\n<li><span style=\"font-weight: 400;\">En cas que aix\u00f2 <\/span><b>no sigui possible<\/b><span style=\"font-weight: 400;\">, descarregueu el <\/span><a href=\"https:\/\/www.plamarcell.cat\/web\/wp-content\/uploads\/2025\/04\/Autoritzacio-sortida-del-centre-alumnes-menors.pdf\" target=\"_blank\" rel=\"noopener\">document d\u2019autoritzaci\u00f3<\/a><span style=\"font-weight: 400;\"> i entregueu-lo degudament omplert i signat al tutor\/a o a consergeria.<\/span><\/li>\n<\/ul>\n<\/div><\/section><br \/>\n<div  class='hr av-3wmzb-e775fcd27759307857663dfc9086707d hr-default  avia-builder-el-16  el_after_av_textblock  el_before_av_heading '><span class='hr-inner '><span class=\"hr-inner-style\"><\/span><\/span><\/div><br \/>\n\n<style type=\"text\/css\" data-created_by=\"avia_inline_auto\" id=\"style-css-av-m7z0okyt-65d8f34789335be33dec6290ab23417a\">\n#top .av-special-heading.av-m7z0okyt-65d8f34789335be33dec6290ab23417a{\npadding-bottom:10px;\n}\nbody .av-special-heading.av-m7z0okyt-65d8f34789335be33dec6290ab23417a .av-special-heading-tag .heading-char{\nfont-size:25px;\n}\n.av-special-heading.av-m7z0okyt-65d8f34789335be33dec6290ab23417a .av-subheading{\nfont-size:15px;\n}\n<\/style>\n<div  class='av-special-heading av-m7z0okyt-65d8f34789335be33dec6290ab23417a av-special-heading-h2 blockquote modern-quote  avia-builder-el-17  el_after_av_hr  el_before_av_textblock '><h2 class='av-special-heading-tag '  itemprop=\"headline\"  >Servei de copisteria<\/h2><div class=\"special-heading-border\"><div class=\"special-heading-inner-border\"><\/div><\/div><\/div><br \/>\n<section  class='av_textblock_section av-m7z0ofgb-165761abb185398eb537e467320e783c '   itemscope=\"itemscope\" itemtype=\"https:\/\/schema.org\/CreativeWork\" ><div class='avia_textblock'  itemprop=\"text\" ><p><span style=\"font-weight: 400;\">El centre disposa de servei de copisteria per a <\/span><b>documents relacionats amb activitats del centre<\/b><span style=\"font-weight: 400;\">. Podeu:<\/span><\/p>\n<ul>\n<li style=\"font-weight: 400;\" aria-level=\"1\"><b>Fotocopiar<\/b><\/li>\n<li style=\"font-weight: 400;\" aria-level=\"1\"><b>Imprimir<\/b><span style=\"font-weight: 400;\"> (blanc i negre o color)<\/span><\/li>\n<li style=\"font-weight: 400;\" aria-level=\"1\"><b>Escanejar<\/b><\/li>\n<li style=\"font-weight: 400;\" aria-level=\"1\"><b>Enquadernar<\/b><\/li>\n<\/ul>\n<p><b>Important:<\/b><\/p>\n<ul>\n<li style=\"font-weight: 400;\" aria-level=\"1\"><span style=\"font-weight: 400;\">Cal portar el document en format <\/span><b>PDF<\/b><span style=\"font-weight: 400;\"> en un <\/span><b>pendrive<\/b><span style=\"font-weight: 400;\"> o <\/span><b>targeta SD<\/b><span style=\"font-weight: 400;\">, o enviar-lo per correu a <\/span><a href=\"mailto:consergeria@plamarcell.net\" target=\"_blank\" rel=\"noopener\">consergeria@plamarcell.net<\/a><span style=\"font-weight: 400;\">.<\/span><\/li>\n<li style=\"font-weight: 400;\" aria-level=\"1\"><b>Nom\u00e9s es pot imprimir durant les hores d\u2019esbarjo.<\/b><\/li>\n<\/ul>\n<\/div><\/section><\/p><\/div>\n","protected":false},"excerpt":{"rendered":"","protected":false},"author":1,"featured_media":0,"parent":0,"menu_order":5,"comment_status":"closed","ping_status":"closed","template":"","meta":{"footnotes":""},"class_list":["post-23","page","type-page","status-publish","hentry"],"yoast_head":"<!-- This site is optimized with the Yoast SEO plugin v27.4 - https:\/\/yoast.com\/product\/yoast-seo-wordpress\/ -->\n<title>Consergeria - Institut Pla Marcell<\/title>\n<meta name=\"robots\" content=\"index, follow, max-snippet:-1, max-image-preview:large, max-video-preview:-1\" \/>\n<link rel=\"canonical\" href=\"https:\/\/www.plamarcell.cat\/web\/consergeria\/\" \/>\n<meta property=\"og:locale\" content=\"ca_ES\" \/>\n<meta property=\"og:type\" content=\"article\" \/>\n<meta property=\"og:title\" content=\"Consergeria - Institut Pla Marcell\" \/>\n<meta property=\"og:url\" content=\"https:\/\/www.plamarcell.cat\/web\/consergeria\/\" \/>\n<meta property=\"og:site_name\" content=\"Institut Pla Marcell\" \/>\n<meta property=\"article:modified_time\" content=\"2025-05-22T14:54:09+00:00\" \/>\n<meta name=\"twitter:card\" content=\"summary_large_image\" \/>\n<meta name=\"twitter:label1\" content=\"Temps estimat de lectura\" \/>\n\t<meta name=\"twitter:data1\" content=\"19 minuts\" \/>\n<script type=\"application\/ld+json\" class=\"yoast-schema-graph\">{\"@context\":\"https:\\\/\\\/schema.org\",\"@graph\":[{\"@type\":\"WebPage\",\"@id\":\"https:\\\/\\\/www.plamarcell.cat\\\/web\\\/consergeria\\\/\",\"url\":\"https:\\\/\\\/www.plamarcell.cat\\\/web\\\/consergeria\\\/\",\"name\":\"Consergeria - Institut Pla Marcell\",\"isPartOf\":{\"@id\":\"https:\\\/\\\/www.plamarcell.cat\\\/web\\\/#website\"},\"datePublished\":\"2025-02-11T20:09:43+00:00\",\"dateModified\":\"2025-05-22T14:54:09+00:00\",\"breadcrumb\":{\"@id\":\"https:\\\/\\\/www.plamarcell.cat\\\/web\\\/consergeria\\\/#breadcrumb\"},\"inLanguage\":\"ca\",\"potentialAction\":[{\"@type\":\"ReadAction\",\"target\":[\"https:\\\/\\\/www.plamarcell.cat\\\/web\\\/consergeria\\\/\"]}]},{\"@type\":\"BreadcrumbList\",\"@id\":\"https:\\\/\\\/www.plamarcell.cat\\\/web\\\/consergeria\\\/#breadcrumb\",\"itemListElement\":[{\"@type\":\"ListItem\",\"position\":1,\"name\":\"Inici\",\"item\":\"https:\\\/\\\/www.plamarcell.cat\\\/web\\\/\"},{\"@type\":\"ListItem\",\"position\":2,\"name\":\"Consergeria\"}]},{\"@type\":\"WebSite\",\"@id\":\"https:\\\/\\\/www.plamarcell.cat\\\/web\\\/#website\",\"url\":\"https:\\\/\\\/www.plamarcell.cat\\\/web\\\/\",\"name\":\"Institut Pla Marcell\",\"description\":\"Decidir, conviure i aprendre\",\"publisher\":{\"@id\":\"https:\\\/\\\/www.plamarcell.cat\\\/web\\\/#organization\"},\"potentialAction\":[{\"@type\":\"SearchAction\",\"target\":{\"@type\":\"EntryPoint\",\"urlTemplate\":\"https:\\\/\\\/www.plamarcell.cat\\\/web\\\/?s={search_term_string}\"},\"query-input\":{\"@type\":\"PropertyValueSpecification\",\"valueRequired\":true,\"valueName\":\"search_term_string\"}}],\"inLanguage\":\"ca\"},{\"@type\":\"Organization\",\"@id\":\"https:\\\/\\\/www.plamarcell.cat\\\/web\\\/#organization\",\"name\":\"Institut Pla Marcell\",\"url\":\"https:\\\/\\\/www.plamarcell.cat\\\/web\\\/\",\"logo\":{\"@type\":\"ImageObject\",\"inLanguage\":\"ca\",\"@id\":\"https:\\\/\\\/www.plamarcell.cat\\\/web\\\/#\\\/schema\\\/logo\\\/image\\\/\",\"url\":\"https:\\\/\\\/www.plamarcell.cat\\\/web\\\/wp-content\\\/uploads\\\/2025\\\/03\\\/ima-Logo-header-1.png\",\"contentUrl\":\"https:\\\/\\\/www.plamarcell.cat\\\/web\\\/wp-content\\\/uploads\\\/2025\\\/03\\\/ima-Logo-header-1.png\",\"width\":1200,\"height\":700,\"caption\":\"Institut Pla Marcell\"},\"image\":{\"@id\":\"https:\\\/\\\/www.plamarcell.cat\\\/web\\\/#\\\/schema\\\/logo\\\/image\\\/\"},\"sameAs\":[\"https:\\\/\\\/www.instagram.com\\\/pla.marcell\\\/\"]}]}<\/script>\n<!-- \/ Yoast SEO plugin. -->","yoast_head_json":{"title":"Consergeria - Institut Pla Marcell","robots":{"index":"index","follow":"follow","max-snippet":"max-snippet:-1","max-image-preview":"max-image-preview:large","max-video-preview":"max-video-preview:-1"},"canonical":"https:\/\/www.plamarcell.cat\/web\/consergeria\/","og_locale":"ca_ES","og_type":"article","og_title":"Consergeria - Institut Pla Marcell","og_url":"https:\/\/www.plamarcell.cat\/web\/consergeria\/","og_site_name":"Institut Pla Marcell","article_modified_time":"2025-05-22T14:54:09+00:00","twitter_card":"summary_large_image","twitter_misc":{"Temps estimat de lectura":"19 minuts"},"schema":{"@context":"https:\/\/schema.org","@graph":[{"@type":"WebPage","@id":"https:\/\/www.plamarcell.cat\/web\/consergeria\/","url":"https:\/\/www.plamarcell.cat\/web\/consergeria\/","name":"Consergeria - Institut Pla Marcell","isPartOf":{"@id":"https:\/\/www.plamarcell.cat\/web\/#website"},"datePublished":"2025-02-11T20:09:43+00:00","dateModified":"2025-05-22T14:54:09+00:00","breadcrumb":{"@id":"https:\/\/www.plamarcell.cat\/web\/consergeria\/#breadcrumb"},"inLanguage":"ca","potentialAction":[{"@type":"ReadAction","target":["https:\/\/www.plamarcell.cat\/web\/consergeria\/"]}]},{"@type":"BreadcrumbList","@id":"https:\/\/www.plamarcell.cat\/web\/consergeria\/#breadcrumb","itemListElement":[{"@type":"ListItem","position":1,"name":"Inici","item":"https:\/\/www.plamarcell.cat\/web\/"},{"@type":"ListItem","position":2,"name":"Consergeria"}]},{"@type":"WebSite","@id":"https:\/\/www.plamarcell.cat\/web\/#website","url":"https:\/\/www.plamarcell.cat\/web\/","name":"Institut Pla Marcell","description":"Decidir, conviure i aprendre","publisher":{"@id":"https:\/\/www.plamarcell.cat\/web\/#organization"},"potentialAction":[{"@type":"SearchAction","target":{"@type":"EntryPoint","urlTemplate":"https:\/\/www.plamarcell.cat\/web\/?s={search_term_string}"},"query-input":{"@type":"PropertyValueSpecification","valueRequired":true,"valueName":"search_term_string"}}],"inLanguage":"ca"},{"@type":"Organization","@id":"https:\/\/www.plamarcell.cat\/web\/#organization","name":"Institut Pla Marcell","url":"https:\/\/www.plamarcell.cat\/web\/","logo":{"@type":"ImageObject","inLanguage":"ca","@id":"https:\/\/www.plamarcell.cat\/web\/#\/schema\/logo\/image\/","url":"https:\/\/www.plamarcell.cat\/web\/wp-content\/uploads\/2025\/03\/ima-Logo-header-1.png","contentUrl":"https:\/\/www.plamarcell.cat\/web\/wp-content\/uploads\/2025\/03\/ima-Logo-header-1.png","width":1200,"height":700,"caption":"Institut Pla Marcell"},"image":{"@id":"https:\/\/www.plamarcell.cat\/web\/#\/schema\/logo\/image\/"},"sameAs":["https:\/\/www.instagram.com\/pla.marcell\/"]}]}},"_links":{"self":[{"href":"https:\/\/www.plamarcell.cat\/web\/wp-json\/wp\/v2\/pages\/23","targetHints":{"allow":["GET"]}}],"collection":[{"href":"https:\/\/www.plamarcell.cat\/web\/wp-json\/wp\/v2\/pages"}],"about":[{"href":"https:\/\/www.plamarcell.cat\/web\/wp-json\/wp\/v2\/types\/page"}],"author":[{"embeddable":true,"href":"https:\/\/www.plamarcell.cat\/web\/wp-json\/wp\/v2\/users\/1"}],"replies":[{"embeddable":true,"href":"https:\/\/www.plamarcell.cat\/web\/wp-json\/wp\/v2\/comments?post=23"}],"version-history":[{"count":23,"href":"https:\/\/www.plamarcell.cat\/web\/wp-json\/wp\/v2\/pages\/23\/revisions"}],"predecessor-version":[{"id":4195,"href":"https:\/\/www.plamarcell.cat\/web\/wp-json\/wp\/v2\/pages\/23\/revisions\/4195"}],"wp:attachment":[{"href":"https:\/\/www.plamarcell.cat\/web\/wp-json\/wp\/v2\/media?parent=23"}],"curies":[{"name":"wp","href":"https:\/\/api.w.org\/{rel}","templated":true}]}}