{"id":25,"date":"2025-02-11T21:10:22","date_gmt":"2025-02-11T20:10:22","guid":{"rendered":"https:\/\/www.plamarcell.cat\/web\/?page_id=25"},"modified":"2026-02-18T17:10:51","modified_gmt":"2026-02-18T16:10:51","slug":"secretaria","status":"publish","type":"page","link":"https:\/\/www.plamarcell.cat\/web\/secretaria\/","title":{"rendered":"Secretaria"},"content":{"rendered":"<div  class='flex_column av-popl-5962f3213e9f73b91f1e143862fa7cba av_one_third  avia-builder-el-0  el_before_av_two_third  avia-builder-el-first  first flex_column_div  '     ><p>\n<style type=\"text\/css\" data-created_by=\"avia_inline_auto\" id=\"style-css-av-mazhtd0m-2fca604e707cab31cd51f93ed61d2cdf\">\n#top .av-special-heading.av-mazhtd0m-2fca604e707cab31cd51f93ed61d2cdf{\npadding-bottom:10px;\n}\nbody .av-special-heading.av-mazhtd0m-2fca604e707cab31cd51f93ed61d2cdf .av-special-heading-tag .heading-char{\nfont-size:25px;\n}\n.av-special-heading.av-mazhtd0m-2fca604e707cab31cd51f93ed61d2cdf .av-subheading{\nfont-size:15px;\n}\n<\/style>\n<div  class='av-special-heading av-mazhtd0m-2fca604e707cab31cd51f93ed61d2cdf av-special-heading-h1 blockquote modern-quote  avia-builder-el-1  el_before_av_hr  avia-builder-el-first '><h1 class='av-special-heading-tag '  itemprop=\"headline\"  >Secretaria<\/h1><div class=\"special-heading-border\"><div class=\"special-heading-inner-border\"><\/div><\/div><\/div><br \/>\n\n<style type=\"text\/css\" data-created_by=\"avia_inline_auto\" id=\"style-css-av-mf75yxs6-a8ee739d9b8dcb66cf62ab9e6d67abc7\">\n#top .hr.av-mf75yxs6-a8ee739d9b8dcb66cf62ab9e6d67abc7{\nmargin-top:10px;\nmargin-bottom:20px;\n}\n.hr.av-mf75yxs6-a8ee739d9b8dcb66cf62ab9e6d67abc7 .hr-inner{\nwidth:100%;\nborder-color:#e2e4e5;\n}\n<\/style>\n<div  class='hr av-mf75yxs6-a8ee739d9b8dcb66cf62ab9e6d67abc7 hr-custom  avia-builder-el-2  el_after_av_heading  el_before_av_icon_box  hr-center hr-icon-no'><span class='hr-inner inner-border-av-border-thin'><span class=\"hr-inner-style\"><\/span><\/span><\/div><br \/>\n\n<style type=\"text\/css\" data-created_by=\"avia_inline_auto\" id=\"style-css-av-mf75rjh0-e56e6fb120de07c94001fce8843f598e\">\n.iconbox.av-mf75rjh0-e56e6fb120de07c94001fce8843f598e .iconbox_icon{\ncolor:#5a9bd4;\n}\n.iconbox.av-mf75rjh0-e56e6fb120de07c94001fce8843f598e .iconbox_icon.avia-svg-icon svg:first-child{\nfill:#5a9bd4;\nstroke:#5a9bd4;\n}\n#top #wrap_all .iconbox.av-mf75rjh0-e56e6fb120de07c94001fce8843f598e .iconbox_content_title{\ncolor:#5a9bd4;\n}\n.iconbox.av-mf75rjh0-e56e6fb120de07c94001fce8843f598e .iconbox_content_container{\ncolor:#5a9bd4;\n}\n<\/style>\n<article  class='iconbox iconbox_left_content av-mf75rjh0-e56e6fb120de07c94001fce8843f598e av-icon-style-no-border  avia-builder-el-3  el_after_av_hr  el_before_av_hr '  itemscope=\"itemscope\" itemtype=\"https:\/\/schema.org\/CreativeWork\" ><a href='https:\/\/docs.google.com\/forms\/d\/e\/1FAIpQLScawLwMkR3ASQeDqCqqs5Tvv42nBslxToxp5qB7ukdbp3kclg\/viewform' title='Formulari de sol\u00b7licitud general' aria-label='Formulari de sol\u00b7licitud general'  target=\"_blank\"  rel=\"noopener noreferrer\" class='iconbox_icon heading-color avia-svg-icon avia-font-svg_entypo-fontello' data-av_svg_icon='publish' data-av_iconset='svg_entypo-fontello' ><svg version=\"1.1\" xmlns=\"http:\/\/www.w3.org\/2000\/svg\" width=\"32\" height=\"32\" viewBox=\"0 0 32 32\" preserveAspectRatio=\"xMidYMid meet\" aria-labelledby='av-svg-title-1' aria-describedby='av-svg-desc-1' role=\"graphics-symbol\">\n<title id='av-svg-title-1'>Formulari de sol\u00b7licitud general<\/title>\n<desc id='av-svg-desc-1'>Formulari de sol\u00b7licitud general<\/desc>\n<path d=\"M28.8 1.6q1.344 0 2.272 0.96t0.928 2.24v19.2q0 1.344-0.928 2.272t-2.272 0.928h-6.336v-3.136h6.4v-14.784h-25.664v14.784h6.4v3.136h-6.4q-1.28 0-2.24-0.928t-0.96-2.272v-19.2q0-1.28 0.96-2.24t2.24-0.96h25.6zM4.16 6.976q1.216 0 1.216-1.216 0-0.512-0.352-0.832t-0.864-0.32-0.864 0.352-0.352 0.8q0 0.512 0.352 0.864t0.864 0.352zM7.36 6.976q1.216 0 1.216-1.216 0-0.512-0.352-0.832t-0.864-0.32-0.864 0.352-0.352 0.8q0 0.512 0.352 0.864t0.864 0.352zM28.864 6.784v-1.984h-19.264v1.984h19.264zM15.936 13.12l7.744 7.68h-4.8v9.6h-5.888v-9.6h-4.8z\"><\/path>\n<\/svg><\/a><div class=\"iconbox_content\"><header class=\"entry-content-header\" aria-label=\"Icon: Formulari de sol\u00b7licitud general\"><h3 class='iconbox_content_title '  itemprop=\"headline\" ><a href='https:\/\/docs.google.com\/forms\/d\/e\/1FAIpQLScawLwMkR3ASQeDqCqqs5Tvv42nBslxToxp5qB7ukdbp3kclg\/viewform' title='Formulari de sol\u00b7licitud general'  target=\"_blank\"  rel=\"noopener noreferrer\">Formulari de sol\u00b7licitud general<\/a><\/h3><\/header><div class='iconbox_content_container av_inherit_color'  itemprop=\"text\" ><p>Utilitza aquest formulari per sol\u00b7licitar certificats acad\u00e8mics, de catal\u00e0 B2 o C1, informes, historials o altres documents oficials.<\/p>\n<\/div><\/div><footer class=\"entry-footer\"><\/footer><\/article><br \/>\n\n<style type=\"text\/css\" data-created_by=\"avia_inline_auto\" id=\"style-css-av-mf763au5-efda49ce7643e6ac6e77685e25e33ef1\">\n#top .hr.av-mf763au5-efda49ce7643e6ac6e77685e25e33ef1{\nmargin-top:5px;\nmargin-bottom:0;\n}\n.hr.av-mf763au5-efda49ce7643e6ac6e77685e25e33ef1 .hr-inner{\nwidth:100%;\nborder-color:#e2e4e5;\n}\n<\/style>\n<div  class='hr av-mf763au5-efda49ce7643e6ac6e77685e25e33ef1 hr-custom  avia-builder-el-4  el_after_av_icon_box  avia-builder-el-last  hr-center hr-icon-no'><span class='hr-inner inner-border-av-border-thin'><span class=\"hr-inner-style\"><\/span><\/span><\/div><\/p><\/div>\n<div  class='flex_column av-6ac8t-ad7454c0076c7e2cd598ed655ebdb9c6 av_two_third  avia-builder-el-5  el_after_av_one_third  avia-builder-el-last  flex_column_div  '     ><p><div id='av-masonry-1' class='av-masonry av-maziceza-c7d5c0d36c5e9867c30b3f73fe58273b noHover av-fixed-size av-large-gap av-hover-overlay-active av-masonry-animation-active av-masonry-col-3 av-caption-always av-caption-style-overlay av-masonry-entries av-orientation-square ' data-post_id=\"25\"><div class=\"av-masonry-container isotope av-js-disabled\"><div class='av-masonry-entry isotope-item av-masonry-item-no-image '><\/div><a href=\"https:\/\/www.plamarcell.cat\/web\/ajuts-per-a-alumnes-amb-necessitat-especifica-de-suport-educatiu\/\"  id='av-masonry-1-item-4404' data-av-masonry-item='4404' class='av-masonry-entry isotope-item post-4404 post type-post status-publish format-standard has-post-thumbnail hentry category-eso category-pagina-dinici category-pagina-de-secretaria tag-ajuts-alumnes-nese tag-eso  av-masonry-item-with-image' title=\"Ajuts NESE 25\"   itemscope=\"itemscope\" itemtype=\"https:\/\/schema.org\/CreativeWork\" ><div class='av-inner-masonry-sizer'><\/div><figure class='av-inner-masonry main_color'><div class=\"av-masonry-outerimage-container\"><div class='av-masonry-image-container' style=\"background-image: url(https:\/\/www.plamarcell.cat\/web\/wp-content\/uploads\/2025\/05\/beques-ajuts-scaled.jpg);\"  title=\"Ajuts NESE 25\" ><\/div><\/div><figcaption class='av-inner-masonry-content site-background'><div class='av-inner-masonry-content-pos'><div class='av-inner-masonry-content-pos-content'><div class='avia-arrow'><\/div><h3 class='av-masonry-entry-title entry-title '  itemprop=\"headline\" >Ajuts per a alumnes amb necessitat espec\u00edfica de suport educatiu\u00a0<\/h3><span class='av-masonry-date meta-color updated'>22 de maig de 2025<\/span><span class=\"av-masonry-text-sep text-sep-author\">\/<\/span><span class='av-masonry-author meta-color author'><span class='fn'>by f1c2b02a1225<\/span><\/span><\/div><\/div><\/figcaption><\/figure><\/a><!--end av-masonry entry--><\/div><\/div><br \/>\n\n<style type=\"text\/css\" data-created_by=\"avia_inline_auto\" id=\"style-css-av-maziult1-aef2c43d48da759269eb55b39fc23ce2\">\n#top .hr.hr-invisible.av-maziult1-aef2c43d48da759269eb55b39fc23ce2{\nheight:20px;\n}\n<\/style>\n<div  class='hr av-maziult1-aef2c43d48da759269eb55b39fc23ce2 hr-invisible  avia-builder-el-7  el_after_av_masonry_entries  el_before_av_textblock  avia-builder-el-first '><span class='hr-inner '><span class=\"hr-inner-style\"><\/span><\/span><\/div><br \/>\n\n<style type=\"text\/css\" data-created_by=\"avia_inline_auto\" id=\"style-css-av-mazix683-25a291cb75af4b99809a026395f4d6f7\">\n#top .av_textblock_section.av-mazix683-25a291cb75af4b99809a026395f4d6f7 .avia_textblock{\nfont-size:24px;\ncolor:#ec6361;\n}\n<\/style>\n<section  class='av_textblock_section av-mazix683-25a291cb75af4b99809a026395f4d6f7 '   itemscope=\"itemscope\" itemtype=\"https:\/\/schema.org\/CreativeWork\" ><div class='avia_textblock av_inherit_color'  itemprop=\"text\" ><p class=\"iconbox_content_title \">En aquest espai trobar\u00e0s tota la informaci\u00f3 rellevant de la Secretaria del Pla Marcell: comunicats oficials, recordatoris de terminis, canvis d\u2019horari, tr\u00e0mits i altres novetats del dia a dia del centre. Un punt de refer\u00e8ncia per estar sempre al dia.<\/p>\n<\/div><\/section><br \/>\n<div  class='hr av-144gp-5112d82b0ae706490411a763359da85e hr-default  avia-builder-el-9  el_after_av_textblock  el_before_av_heading '><span class='hr-inner '><span class=\"hr-inner-style\"><\/span><\/span><\/div><br \/>\n\n<style type=\"text\/css\" data-created_by=\"avia_inline_auto\" id=\"style-css-av-4oiu9-57ea39fa0f9628854127742ecb486005\">\n#top .av-special-heading.av-4oiu9-57ea39fa0f9628854127742ecb486005{\npadding-bottom:10px;\n}\nbody .av-special-heading.av-4oiu9-57ea39fa0f9628854127742ecb486005 .av-special-heading-tag .heading-char{\nfont-size:25px;\n}\n.av-special-heading.av-4oiu9-57ea39fa0f9628854127742ecb486005 .av-subheading{\nfont-size:15px;\n}\n<\/style>\n<div  class='av-special-heading av-4oiu9-57ea39fa0f9628854127742ecb486005 av-special-heading-h2 blockquote modern-quote  avia-builder-el-10  el_after_av_hr  el_before_av_textblock '><h2 class='av-special-heading-tag '  itemprop=\"headline\"  >  Contacte<\/h2><div class=\"special-heading-border\"><div class=\"special-heading-inner-border\"><\/div><\/div><\/div><br \/>\n<section  class='av_textblock_section av-mazhyrvb-b03fe1d692b1eccd4f6f3d38b646c49e '   itemscope=\"itemscope\" itemtype=\"https:\/\/schema.org\/CreativeWork\" ><div class='avia_textblock'  itemprop=\"text\" ><p><b>Correu electr\u00f2nic:<\/b> <a href=\"mailto:secretaria@plamarcell.net\" target=\"_blank\" rel=\"noopener\">secretaria@plamarcell.net<\/a><br \/>\n<b>Tel\u00e8fon:<\/b><span style=\"font-weight: 400;\"> 93 871 38 66<\/span><\/p>\n<\/div><\/section><br \/>\n<div  class='hr av-e26x-f66bd3727d7cbac2a49a003af93ac2ea hr-default  avia-builder-el-12  el_after_av_textblock  el_before_av_heading '><span class='hr-inner '><span class=\"hr-inner-style\"><\/span><\/span><\/div><br \/>\n\n<style type=\"text\/css\" data-created_by=\"avia_inline_auto\" id=\"style-css-av-3315x-e34932f8a44789e5c5c128165206b81d\">\n#top .av-special-heading.av-3315x-e34932f8a44789e5c5c128165206b81d{\npadding-bottom:10px;\n}\nbody .av-special-heading.av-3315x-e34932f8a44789e5c5c128165206b81d .av-special-heading-tag .heading-char{\nfont-size:25px;\n}\n.av-special-heading.av-3315x-e34932f8a44789e5c5c128165206b81d .av-subheading{\nfont-size:15px;\n}\n<\/style>\n<div  class='av-special-heading av-3315x-e34932f8a44789e5c5c128165206b81d av-special-heading-h2 blockquote modern-quote  avia-builder-el-13  el_after_av_hr  el_before_av_textblock '><h2 class='av-special-heading-tag '  itemprop=\"headline\"  >Horari d\u2019atenci\u00f3 al p\u00fablic<\/h2><div class=\"special-heading-border\"><div class=\"special-heading-inner-border\"><\/div><\/div><\/div><br \/>\n<section  class='av_textblock_section av-mazhvb2b-41181805ec987df35653e5389a260c75 '   itemscope=\"itemscope\" itemtype=\"https:\/\/schema.org\/CreativeWork\" ><div class='avia_textblock'  itemprop=\"text\" ><p class=\"p1\"><strong>D&#8217;octubre a maig:<\/strong><\/p>\n<ul>\n<li class=\"p4\">Matins: De dilluns a divendres 9.30\u202fh a 13.30\u202fh<\/li>\n<li class=\"p4\">Tarda: Dilluns i dimecres de 15.30\u202fh 17.30\u202fh<\/li>\n<\/ul>\n<p class=\"p1\"><strong>De juny a setembre:<\/strong><\/p>\n<ul>\n<li class=\"p4\">Matins: De dilluns a divendres 9.30\u202fh a 13.30\u202fh<\/li>\n<li class=\"p4\">Tarda: Dimecres de 15.30\u202fh 17.30\u202fh (excepte juliol)<\/li>\n<\/ul>\n<\/div><\/section><br \/>\n<div  class='hr av-2fxg9-e80b81829a7c51f2d7ca739b2c4b1a2a hr-default  avia-builder-el-15  el_after_av_textblock  el_before_av_heading '><span class='hr-inner '><span class=\"hr-inner-style\"><\/span><\/span><\/div><br \/>\n\n<style type=\"text\/css\" data-created_by=\"avia_inline_auto\" id=\"style-css-av-mf78a3ro-b93652c16220a2e5b51416f8b151972d\">\n#top .av-special-heading.av-mf78a3ro-b93652c16220a2e5b51416f8b151972d{\npadding-bottom:10px;\n}\nbody .av-special-heading.av-mf78a3ro-b93652c16220a2e5b51416f8b151972d .av-special-heading-tag .heading-char{\nfont-size:25px;\n}\n.av-special-heading.av-mf78a3ro-b93652c16220a2e5b51416f8b151972d .av-subheading{\nfont-size:15px;\n}\n<\/style>\n<div  class='av-special-heading av-mf78a3ro-b93652c16220a2e5b51416f8b151972d av-special-heading-h2 blockquote modern-quote  avia-builder-el-16  el_after_av_hr  el_before_av_textblock '><h2 class='av-special-heading-tag '  itemprop=\"headline\"  >Calendari Escolar 25-26<\/h2><div class=\"special-heading-border\"><div class=\"special-heading-inner-border\"><\/div><\/div><\/div><br \/>\n<section  class='av_textblock_section av-mf78bs4j-567c01d513848ec98da2d7e7a5a5dfcf '   itemscope=\"itemscope\" itemtype=\"https:\/\/schema.org\/CreativeWork\" ><div class='avia_textblock'  itemprop=\"text\" ><p class=\"iconbox_content_title \">Descarrega <a href=\"https:\/\/www.plamarcell.cat\/web\/wp-content\/uploads\/2025\/09\/Calendari-25-26.pdf\" target=\"_blank\" rel=\"noopener\">aqu\u00ed<\/a> el calendari escolar.<\/p>\n<\/div><\/section><br \/>\n<div  class='hr av-zwzx-5390e1747d64f86ab5d81bdf5ec19151 hr-default  avia-builder-el-18  el_after_av_textblock  el_before_av_heading '><span class='hr-inner '><span class=\"hr-inner-style\"><\/span><\/span><\/div><br \/>\n\n<style type=\"text\/css\" data-created_by=\"avia_inline_auto\" id=\"style-css-av-mazhzyjp-a9f76cde6900f2de285bff85b3643759\">\n#top .av-special-heading.av-mazhzyjp-a9f76cde6900f2de285bff85b3643759{\npadding-bottom:10px;\n}\nbody .av-special-heading.av-mazhzyjp-a9f76cde6900f2de285bff85b3643759 .av-special-heading-tag .heading-char{\nfont-size:25px;\n}\n.av-special-heading.av-mazhzyjp-a9f76cde6900f2de285bff85b3643759 .av-subheading{\nfont-size:15px;\n}\n<\/style>\n<div  class='av-special-heading av-mazhzyjp-a9f76cde6900f2de285bff85b3643759 av-special-heading-h2 blockquote modern-quote  avia-builder-el-19  el_after_av_hr  el_before_av_textblock '><h2 class='av-special-heading-tag '  itemprop=\"headline\"  >Informaci\u00f3 beques i ajuts<\/h2><div class=\"special-heading-border\"><div class=\"special-heading-inner-border\"><\/div><\/div><\/div><br \/>\n<section  class='av_textblock_section av-mazi22b5-cca898feccf5a0a32254ca285376e93e '   itemscope=\"itemscope\" itemtype=\"https:\/\/schema.org\/CreativeWork\" ><div class='avia_textblock'  itemprop=\"text\" ><p class=\"iconbox_content_title \">Aquesta secci\u00f3 estar\u00e0 disponible aviat!<\/p>\n<p><span style=\"font-weight: 400;\">Els tr\u00e0mits de beques no es gestionen des de la <\/span><span style=\"font-weight: 400;\">secretaria del centre, per\u00f2 pots consultar tota la informaci\u00f3 necess\u00e0ria.<\/span><\/p>\n<\/div><\/section><br \/>\n<div  class='hr av-10ai1-c467bde1aba5153fab5a180988f705ab hr-default  avia-builder-el-21  el_after_av_textblock  el_before_av_heading '><span class='hr-inner '><span class=\"hr-inner-style\"><\/span><\/span><\/div><br \/>\n\n<style type=\"text\/css\" data-created_by=\"avia_inline_auto\" id=\"style-css-av-mazi0c5c-df1a8bea49659478052ab360027a9626\">\n#top .av-special-heading.av-mazi0c5c-df1a8bea49659478052ab360027a9626{\npadding-bottom:10px;\n}\nbody .av-special-heading.av-mazi0c5c-df1a8bea49659478052ab360027a9626 .av-special-heading-tag .heading-char{\nfont-size:25px;\n}\n.av-special-heading.av-mazi0c5c-df1a8bea49659478052ab360027a9626 .av-subheading{\nfont-size:15px;\n}\n<\/style>\n<div  class='av-special-heading av-mazi0c5c-df1a8bea49659478052ab360027a9626 av-special-heading-h2 blockquote modern-quote  avia-builder-el-22  el_after_av_hr  el_before_av_textblock '><h2 class='av-special-heading-tag '  itemprop=\"headline\"  >Pagaments material, sortides i taxes.<\/h2><div class=\"special-heading-border\"><div class=\"special-heading-inner-border\"><\/div><\/div><\/div><br \/>\n<section  class='av_textblock_section av-mazi2eop-6dd2278e923962da2e06b20e29c7ed24 '   itemscope=\"itemscope\" itemtype=\"https:\/\/schema.org\/CreativeWork\" ><div class='avia_textblock'  itemprop=\"text\" ><p class=\"iconbox_content_title \">Aquesta secci\u00f3 estar\u00e0 disponible aviat!<\/p>\n<\/div><\/section><br \/>\n<div  class='hr av-yqy1-9ad9415d1898d9f951900a9f3799ed2e hr-default  avia-builder-el-24  el_after_av_textblock  avia-builder-el-last '><span class='hr-inner '><span class=\"hr-inner-style\"><\/span><\/span><\/div><\/p><\/div>\n","protected":false},"excerpt":{"rendered":"","protected":false},"author":1,"featured_media":0,"parent":0,"menu_order":4,"comment_status":"closed","ping_status":"closed","template":"","meta":{"footnotes":""},"class_list":["post-25","page","type-page","status-publish","hentry"],"yoast_head":"<!-- This site is optimized with the Yoast SEO plugin v27.4 - https:\/\/yoast.com\/product\/yoast-seo-wordpress\/ -->\n<title>Secretaria - Institut Pla Marcell<\/title>\n<meta name=\"robots\" content=\"index, follow, max-snippet:-1, max-image-preview:large, max-video-preview:-1\" \/>\n<link rel=\"canonical\" href=\"https:\/\/www.plamarcell.cat\/web\/secretaria\/\" \/>\n<meta property=\"og:locale\" content=\"ca_ES\" \/>\n<meta property=\"og:type\" content=\"article\" \/>\n<meta property=\"og:title\" content=\"Secretaria - Institut Pla Marcell\" \/>\n<meta property=\"og:url\" content=\"https:\/\/www.plamarcell.cat\/web\/secretaria\/\" \/>\n<meta property=\"og:site_name\" content=\"Institut Pla Marcell\" \/>\n<meta property=\"article:modified_time\" content=\"2026-02-18T16:10:51+00:00\" \/>\n<meta name=\"twitter:card\" content=\"summary_large_image\" \/>\n<meta name=\"twitter:label1\" content=\"Temps estimat de lectura\" \/>\n\t<meta name=\"twitter:data1\" content=\"2 minuts\" \/>\n<script type=\"application\/ld+json\" class=\"yoast-schema-graph\">{\"@context\":\"https:\\\/\\\/schema.org\",\"@graph\":[{\"@type\":\"WebPage\",\"@id\":\"https:\\\/\\\/www.plamarcell.cat\\\/web\\\/secretaria\\\/\",\"url\":\"https:\\\/\\\/www.plamarcell.cat\\\/web\\\/secretaria\\\/\",\"name\":\"Secretaria - Institut Pla Marcell\",\"isPartOf\":{\"@id\":\"https:\\\/\\\/www.plamarcell.cat\\\/web\\\/#website\"},\"datePublished\":\"2025-02-11T20:10:22+00:00\",\"dateModified\":\"2026-02-18T16:10:51+00:00\",\"breadcrumb\":{\"@id\":\"https:\\\/\\\/www.plamarcell.cat\\\/web\\\/secretaria\\\/#breadcrumb\"},\"inLanguage\":\"ca\",\"potentialAction\":[{\"@type\":\"ReadAction\",\"target\":[\"https:\\\/\\\/www.plamarcell.cat\\\/web\\\/secretaria\\\/\"]}]},{\"@type\":\"BreadcrumbList\",\"@id\":\"https:\\\/\\\/www.plamarcell.cat\\\/web\\\/secretaria\\\/#breadcrumb\",\"itemListElement\":[{\"@type\":\"ListItem\",\"position\":1,\"name\":\"Inici\",\"item\":\"https:\\\/\\\/www.plamarcell.cat\\\/web\\\/\"},{\"@type\":\"ListItem\",\"position\":2,\"name\":\"Secretaria\"}]},{\"@type\":\"WebSite\",\"@id\":\"https:\\\/\\\/www.plamarcell.cat\\\/web\\\/#website\",\"url\":\"https:\\\/\\\/www.plamarcell.cat\\\/web\\\/\",\"name\":\"Institut Pla Marcell\",\"description\":\"Decidir, conviure i aprendre\",\"publisher\":{\"@id\":\"https:\\\/\\\/www.plamarcell.cat\\\/web\\\/#organization\"},\"potentialAction\":[{\"@type\":\"SearchAction\",\"target\":{\"@type\":\"EntryPoint\",\"urlTemplate\":\"https:\\\/\\\/www.plamarcell.cat\\\/web\\\/?s={search_term_string}\"},\"query-input\":{\"@type\":\"PropertyValueSpecification\",\"valueRequired\":true,\"valueName\":\"search_term_string\"}}],\"inLanguage\":\"ca\"},{\"@type\":\"Organization\",\"@id\":\"https:\\\/\\\/www.plamarcell.cat\\\/web\\\/#organization\",\"name\":\"Institut Pla Marcell\",\"url\":\"https:\\\/\\\/www.plamarcell.cat\\\/web\\\/\",\"logo\":{\"@type\":\"ImageObject\",\"inLanguage\":\"ca\",\"@id\":\"https:\\\/\\\/www.plamarcell.cat\\\/web\\\/#\\\/schema\\\/logo\\\/image\\\/\",\"url\":\"https:\\\/\\\/www.plamarcell.cat\\\/web\\\/wp-content\\\/uploads\\\/2025\\\/03\\\/ima-Logo-header-1.png\",\"contentUrl\":\"https:\\\/\\\/www.plamarcell.cat\\\/web\\\/wp-content\\\/uploads\\\/2025\\\/03\\\/ima-Logo-header-1.png\",\"width\":1200,\"height\":700,\"caption\":\"Institut Pla Marcell\"},\"image\":{\"@id\":\"https:\\\/\\\/www.plamarcell.cat\\\/web\\\/#\\\/schema\\\/logo\\\/image\\\/\"},\"sameAs\":[\"https:\\\/\\\/www.instagram.com\\\/pla.marcell\\\/\"]}]}<\/script>\n<!-- \/ Yoast SEO plugin. -->","yoast_head_json":{"title":"Secretaria - Institut Pla Marcell","robots":{"index":"index","follow":"follow","max-snippet":"max-snippet:-1","max-image-preview":"max-image-preview:large","max-video-preview":"max-video-preview:-1"},"canonical":"https:\/\/www.plamarcell.cat\/web\/secretaria\/","og_locale":"ca_ES","og_type":"article","og_title":"Secretaria - Institut Pla Marcell","og_url":"https:\/\/www.plamarcell.cat\/web\/secretaria\/","og_site_name":"Institut Pla Marcell","article_modified_time":"2026-02-18T16:10:51+00:00","twitter_card":"summary_large_image","twitter_misc":{"Temps estimat de lectura":"2 minuts"},"schema":{"@context":"https:\/\/schema.org","@graph":[{"@type":"WebPage","@id":"https:\/\/www.plamarcell.cat\/web\/secretaria\/","url":"https:\/\/www.plamarcell.cat\/web\/secretaria\/","name":"Secretaria - Institut Pla Marcell","isPartOf":{"@id":"https:\/\/www.plamarcell.cat\/web\/#website"},"datePublished":"2025-02-11T20:10:22+00:00","dateModified":"2026-02-18T16:10:51+00:00","breadcrumb":{"@id":"https:\/\/www.plamarcell.cat\/web\/secretaria\/#breadcrumb"},"inLanguage":"ca","potentialAction":[{"@type":"ReadAction","target":["https:\/\/www.plamarcell.cat\/web\/secretaria\/"]}]},{"@type":"BreadcrumbList","@id":"https:\/\/www.plamarcell.cat\/web\/secretaria\/#breadcrumb","itemListElement":[{"@type":"ListItem","position":1,"name":"Inici","item":"https:\/\/www.plamarcell.cat\/web\/"},{"@type":"ListItem","position":2,"name":"Secretaria"}]},{"@type":"WebSite","@id":"https:\/\/www.plamarcell.cat\/web\/#website","url":"https:\/\/www.plamarcell.cat\/web\/","name":"Institut Pla Marcell","description":"Decidir, conviure i aprendre","publisher":{"@id":"https:\/\/www.plamarcell.cat\/web\/#organization"},"potentialAction":[{"@type":"SearchAction","target":{"@type":"EntryPoint","urlTemplate":"https:\/\/www.plamarcell.cat\/web\/?s={search_term_string}"},"query-input":{"@type":"PropertyValueSpecification","valueRequired":true,"valueName":"search_term_string"}}],"inLanguage":"ca"},{"@type":"Organization","@id":"https:\/\/www.plamarcell.cat\/web\/#organization","name":"Institut Pla Marcell","url":"https:\/\/www.plamarcell.cat\/web\/","logo":{"@type":"ImageObject","inLanguage":"ca","@id":"https:\/\/www.plamarcell.cat\/web\/#\/schema\/logo\/image\/","url":"https:\/\/www.plamarcell.cat\/web\/wp-content\/uploads\/2025\/03\/ima-Logo-header-1.png","contentUrl":"https:\/\/www.plamarcell.cat\/web\/wp-content\/uploads\/2025\/03\/ima-Logo-header-1.png","width":1200,"height":700,"caption":"Institut Pla Marcell"},"image":{"@id":"https:\/\/www.plamarcell.cat\/web\/#\/schema\/logo\/image\/"},"sameAs":["https:\/\/www.instagram.com\/pla.marcell\/"]}]}},"_links":{"self":[{"href":"https:\/\/www.plamarcell.cat\/web\/wp-json\/wp\/v2\/pages\/25","targetHints":{"allow":["GET"]}}],"collection":[{"href":"https:\/\/www.plamarcell.cat\/web\/wp-json\/wp\/v2\/pages"}],"about":[{"href":"https:\/\/www.plamarcell.cat\/web\/wp-json\/wp\/v2\/types\/page"}],"author":[{"embeddable":true,"href":"https:\/\/www.plamarcell.cat\/web\/wp-json\/wp\/v2\/users\/1"}],"replies":[{"embeddable":true,"href":"https:\/\/www.plamarcell.cat\/web\/wp-json\/wp\/v2\/comments?post=25"}],"version-history":[{"count":164,"href":"https:\/\/www.plamarcell.cat\/web\/wp-json\/wp\/v2\/pages\/25\/revisions"}],"predecessor-version":[{"id":5454,"href":"https:\/\/www.plamarcell.cat\/web\/wp-json\/wp\/v2\/pages\/25\/revisions\/5454"}],"wp:attachment":[{"href":"https:\/\/www.plamarcell.cat\/web\/wp-json\/wp\/v2\/media?parent=25"}],"curies":[{"name":"wp","href":"https:\/\/api.w.org\/{rel}","templated":true}]}}