{"id":27,"date":"2025-02-11T21:11:09","date_gmt":"2025-02-11T20:11:09","guid":{"rendered":"https:\/\/www.plamarcell.cat\/web\/?page_id=27"},"modified":"2026-01-27T18:24:48","modified_gmt":"2026-01-27T17:24:48","slug":"cantina","status":"publish","type":"page","link":"https:\/\/www.plamarcell.cat\/web\/cantina\/","title":{"rendered":"Cantina"},"content":{"rendered":"<div  class='flex_column av-5vewf-8e5006d20cc100eda805265d01f3e075 av_one_third  avia-builder-el-0  el_before_av_two_third  avia-builder-el-first  first flex_column_div  '     ><style type=\"text\/css\" data-created_by=\"avia_inline_auto\" id=\"style-css-av-m7z1ci9t-0c159e89e47f1917dc0bc79b460dd584\">\n#top .av-special-heading.av-m7z1ci9t-0c159e89e47f1917dc0bc79b460dd584{\npadding-bottom:10px;\n}\nbody .av-special-heading.av-m7z1ci9t-0c159e89e47f1917dc0bc79b460dd584 .av-special-heading-tag .heading-char{\nfont-size:25px;\n}\n.av-special-heading.av-m7z1ci9t-0c159e89e47f1917dc0bc79b460dd584 .av-subheading{\nfont-size:15px;\n}\n<\/style>\n<div  class='av-special-heading av-m7z1ci9t-0c159e89e47f1917dc0bc79b460dd584 av-special-heading-h1 blockquote modern-quote  avia-builder-el-1  avia-builder-el-no-sibling '><h1 class='av-special-heading-tag '  itemprop=\"headline\"  >Cantina<\/h1><div class=\"special-heading-border\"><div class=\"special-heading-inner-border\"><\/div><\/div><\/div><\/div>\n<div  class='flex_column av-2p433-dc6a25f11ef7404c87242a7fdec2f809 av_two_third  avia-builder-el-2  el_after_av_one_third  el_before_av_one_third  flex_column_div  '     ><p>\n<style type=\"text\/css\" data-created_by=\"avia_inline_auto\" id=\"style-css-av-4a86j-0a4f6673c80178e00d6aac2bd7420f0c\">\n.avia-image-container.av-4a86j-0a4f6673c80178e00d6aac2bd7420f0c img.avia_image{\nbox-shadow:none;\n}\n.avia-image-container.av-4a86j-0a4f6673c80178e00d6aac2bd7420f0c .av-image-caption-overlay-center{\ncolor:#ffffff;\n}\n<\/style>\n<div  class='avia-image-container av-4a86j-0a4f6673c80178e00d6aac2bd7420f0c av-styling- avia-align-center  avia-builder-el-3  el_before_av_hr  avia-builder-el-first '   itemprop=\"image\" itemscope=\"itemscope\" itemtype=\"https:\/\/schema.org\/ImageObject\" ><div class=\"avia-image-container-inner\"><div class=\"avia-image-overlay-wrap\"><img decoding=\"async\" fetchpriority=\"high\" class='wp-image-3946 avia-img-lazy-loading-not-3946 avia_image ' src=\"https:\/\/www.plamarcell.cat\/web\/wp-content\/uploads\/2025\/04\/OP-LaCantilla.jpg\" alt='Institut Pla Marcell - Cardedeu' title='OP-LaCantilla'  height=\"630\" width=\"1500\"  itemprop=\"thumbnailUrl\" srcset=\"https:\/\/www.plamarcell.cat\/web\/wp-content\/uploads\/2025\/04\/OP-LaCantilla.jpg 1500w, https:\/\/www.plamarcell.cat\/web\/wp-content\/uploads\/2025\/04\/OP-LaCantilla-300x126.jpg 300w, https:\/\/www.plamarcell.cat\/web\/wp-content\/uploads\/2025\/04\/OP-LaCantilla-1030x433.jpg 1030w, https:\/\/www.plamarcell.cat\/web\/wp-content\/uploads\/2025\/04\/OP-LaCantilla-768x323.jpg 768w, https:\/\/www.plamarcell.cat\/web\/wp-content\/uploads\/2025\/04\/OP-LaCantilla-705x296.jpg 705w\" sizes=\"(max-width: 1500px) 100vw, 1500px\" \/><\/div><\/div><\/div><br \/>\n\n<style type=\"text\/css\" data-created_by=\"avia_inline_auto\" id=\"style-css-av-m907tzze-16b2bcd4ce17ab15471e20d6ed4ca3d6\">\n#top .hr.hr-invisible.av-m907tzze-16b2bcd4ce17ab15471e20d6ed4ca3d6{\nheight:20px;\n}\n<\/style>\n<div  class='hr av-m907tzze-16b2bcd4ce17ab15471e20d6ed4ca3d6 hr-invisible  avia-builder-el-4  el_after_av_image  el_before_av_textblock '><span class='hr-inner '><span class=\"hr-inner-style\"><\/span><\/span><\/div><br \/>\n\n<style type=\"text\/css\" data-created_by=\"avia_inline_auto\" id=\"style-css-av-m7z1c692-50bd43f05c7d61ece78f8877d223251b\">\n#top .av_textblock_section.av-m7z1c692-50bd43f05c7d61ece78f8877d223251b .avia_textblock{\nfont-size:24px;\ncolor:#ec6361;\n}\n<\/style>\n<section  class='av_textblock_section av-m7z1c692-50bd43f05c7d61ece78f8877d223251b '   itemscope=\"itemscope\" itemtype=\"https:\/\/schema.org\/CreativeWork\" ><div class='avia_textblock av_inherit_color'  itemprop=\"text\" ><p>Des del gener del 2019 l\u2019empresa que gestiona la Cantina del Pla Marcell \u00e9s la Fundaci\u00f3 Viver de Bell-lloc, una organitzaci\u00f3 arrelada a Cardedeu i amb un projecte molt potent d\u2019inclusi\u00f3 social.<\/p>\n<\/div><\/section><br \/>\n<div  class='hr av-448o7-4880870f5aa1b147fa79962a006ce5d8 hr-default  avia-builder-el-6  el_after_av_textblock  el_before_av_heading '><span class='hr-inner '><span class=\"hr-inner-style\"><\/span><\/span><\/div><br \/>\n\n<style type=\"text\/css\" data-created_by=\"avia_inline_auto\" id=\"style-css-av-m7z1fwjf-c17c321ee72f17610e253f605fa054cd\">\n#top .av-special-heading.av-m7z1fwjf-c17c321ee72f17610e253f605fa054cd{\npadding-bottom:10px;\n}\nbody .av-special-heading.av-m7z1fwjf-c17c321ee72f17610e253f605fa054cd .av-special-heading-tag .heading-char{\nfont-size:25px;\n}\n.av-special-heading.av-m7z1fwjf-c17c321ee72f17610e253f605fa054cd .av-subheading{\nfont-size:15px;\n}\n<\/style>\n<div  class='av-special-heading av-m7z1fwjf-c17c321ee72f17610e253f605fa054cd av-special-heading-h2 blockquote modern-quote  avia-builder-el-7  el_after_av_hr  el_before_av_textblock '><h2 class='av-special-heading-tag '  itemprop=\"headline\"  >Esmorzars i berenars<\/h2><div class=\"special-heading-border\"><div class=\"special-heading-inner-border\"><\/div><\/div><\/div><br \/>\n<section  class='av_textblock_section av-m7z1fr3m-2e4ea416f4b9087908f3f0f64f62b399 '   itemscope=\"itemscope\" itemtype=\"https:\/\/schema.org\/CreativeWork\" ><div class='avia_textblock'  itemprop=\"text\" ><p><span style=\"font-weight: 400;\">Durant les estones de pati tenim a disposici\u00f3 de l\u2019alumnat entrepans, galetes i altres productes per a l\u2019esmorzar i el berenar aix\u00ed com sucs.<\/span><\/p>\n<\/div><\/section><br \/>\n<div  class='hr av-2384f-59078c1c770f9dd7f4c0facc4fcfd9f3 hr-default  avia-builder-el-9  el_after_av_textblock  el_before_av_heading '><span class='hr-inner '><span class=\"hr-inner-style\"><\/span><\/span><\/div><br \/>\n\n<style type=\"text\/css\" data-created_by=\"avia_inline_auto\" id=\"style-css-av-m7z1gzx6-f494b66d4ce4d157f04917a10bed02e4\">\n#top .av-special-heading.av-m7z1gzx6-f494b66d4ce4d157f04917a10bed02e4{\npadding-bottom:10px;\n}\nbody .av-special-heading.av-m7z1gzx6-f494b66d4ce4d157f04917a10bed02e4 .av-special-heading-tag .heading-char{\nfont-size:25px;\n}\n.av-special-heading.av-m7z1gzx6-f494b66d4ce4d157f04917a10bed02e4 .av-subheading{\nfont-size:15px;\n}\n<\/style>\n<div  class='av-special-heading av-m7z1gzx6-f494b66d4ce4d157f04917a10bed02e4 av-special-heading-h2 blockquote modern-quote  avia-builder-el-10  el_after_av_hr  el_before_av_textblock '><h2 class='av-special-heading-tag '  itemprop=\"headline\"  >Dinars<\/h2><div class=\"special-heading-border\"><div class=\"special-heading-inner-border\"><\/div><\/div><\/div><br \/>\n<section  class='av_textblock_section av-m7z1gw1l-925d3e04ce7abd8c12c43902a027ab7b '   itemscope=\"itemscope\" itemtype=\"https:\/\/schema.org\/CreativeWork\" ><div class='avia_textblock'  itemprop=\"text\" ><p><span style=\"font-weight: 400;\">Les fam\u00edlies que vulgueu fer \u00fas del menjador al migdia teniu diferents modalitats d\u2019inscripci\u00f3:<\/span><\/p>\n<p><b>F\u00f3rmula fixes diaris entre 2 i 5 dies a la setmana (sempre els mateixos dies)<\/b><\/p>\n<ul>\n<li><span style=\"font-weight: 400;\">Preu dia: 7,00 \u20ac<\/span><\/li>\n<\/ul>\n<p><b>Servei espor\u00e0dic:<\/b><\/p>\n<ul>\n<li class=\"li1\">Talonaris 10 dies: 74 \u20ac (7,40 \u20ac\/dia)<span class=\"Apple-converted-space\">\u00a0<\/span><\/li>\n<li><span style=\"font-weight: 400;\">Tiquets d\u2019un dia: 7,75 \u20ac. Pels dinars espor\u00e0dics cal avisar abans del primer pati, sigui presencialment, per e-mail o tel\u00e8fon.\u00a0<\/span><\/li>\n<\/ul>\n<p><span style=\"font-weight: 400;\">La coordinadora del servei \u00e9s la Carme i hi podeu contactar al <strong>697 96 06 26<\/strong> o <a href=\"mailto:cantina@plamarcell.net\" target=\"_blank\" rel=\"noopener\">cantina@plamarcell.net<\/a>.<\/span><\/p>\n<\/div><\/section><br \/>\n<div  class='hr av-2n28r-127ac72b2214f9ff7646511e7d813419 hr-default  avia-builder-el-12  el_after_av_textblock  avia-builder-el-last '><span class='hr-inner '><span class=\"hr-inner-style\"><\/span><\/span><\/div><\/p><\/div><div  class='flex_column av-25efv-0b618aa59b1cec00e549d21d7f6130c6 av_one_third  avia-builder-el-13  el_after_av_two_third  el_before_av_one_third  first flex_column_div  column-top-margin'     ><\/div><\/p>\n<div  class='flex_column av-1h9jb-bfb90a9262173874f6c9734b48da1d4a av_one_third  avia-builder-el-14  el_after_av_one_third  el_before_av_one_third  flex_column_div  column-top-margin'     ><style type=\"text\/css\" data-created_by=\"avia_inline_auto\" id=\"style-css-av-m91kvhur-e2558575032c2fd0816c2ea1c0866075\">\n.iconbox.av-m91kvhur-e2558575032c2fd0816c2ea1c0866075 .iconbox_icon{\ncolor:#5a9bd4;\n}\n.iconbox.av-m91kvhur-e2558575032c2fd0816c2ea1c0866075 .iconbox_icon.avia-svg-icon svg:first-child{\nfill:#5a9bd4;\nstroke:#5a9bd4;\n}\n#top #wrap_all .iconbox.av-m91kvhur-e2558575032c2fd0816c2ea1c0866075 .iconbox_content_title{\ncolor:#5a9bd4;\n}\n.iconbox.av-m91kvhur-e2558575032c2fd0816c2ea1c0866075 .iconbox_content_container{\ncolor:#5a9bd4;\n}\n<\/style>\n<article  class='iconbox iconbox_left_content av-m91kvhur-e2558575032c2fd0816c2ea1c0866075 av-icon-style-no-border  avia-builder-el-15  avia-builder-el-no-sibling '  itemscope=\"itemscope\" itemtype=\"https:\/\/schema.org\/CreativeWork\" ><a href='https:\/\/www.plamarcell.cat\/web\/wp-content\/uploads\/2025\/09\/Inscripcio-servei-de-menjador.pdf' title='Full d\u2019inscripci\u00f3 al servei de migdia' aria-label='Full d\u2019inscripci\u00f3 al servei de migdia'  target=\"_blank\"  rel=\"noopener noreferrer\" class='iconbox_icon heading-color avia-svg-icon avia-font-svg_entypo-fontello' data-av_svg_icon='newspaper' data-av_iconset='svg_entypo-fontello' ><svg version=\"1.1\" xmlns=\"http:\/\/www.w3.org\/2000\/svg\" width=\"26\" height=\"32\" viewBox=\"0 0 26 32\" preserveAspectRatio=\"xMidYMid meet\" aria-labelledby='av-svg-title-1' aria-describedby='av-svg-desc-1' role=\"graphics-symbol\">\n<title id='av-svg-title-1'>Full d\u2019inscripci\u00f3 al servei de migdia<\/title>\n<desc id='av-svg-desc-1'>Full d\u2019inscripci\u00f3 al servei de migdia<\/desc>\n<path d=\"M22.4 1.6q1.344 0 2.272 0.928t0.928 2.272v22.4q0 1.28-0.928 2.24t-2.272 0.96h-19.2q-1.28 0-2.24-0.96t-0.96-2.24v-22.4q0-1.344 0.96-2.272t2.24-0.928h19.2zM22.4 27.2v-22.4h-19.2v22.4h19.2zM14.4 19.2v1.6h-8v-1.6h8zM19.2 12.8v1.6h-6.4v-1.6h6.4zM12.8 11.2v-3.2h6.4v3.2h-6.4zM11.2 8v6.4h-4.8v-6.4h4.8zM9.6 16v1.6h-3.2v-1.6h3.2zM11.2 17.6v-1.6h8v1.6h-8zM19.2 22.4v1.6h-12.8v-1.6h12.8zM16 20.8v-1.6h3.2v1.6h-3.2z\"><\/path>\n<\/svg><\/a><div class=\"iconbox_content\"><header class=\"entry-content-header\" aria-label=\"Icon: Full d\u2019inscripci\u00f3 al servei de migdia\"><h3 class='iconbox_content_title '  itemprop=\"headline\" ><a href='https:\/\/www.plamarcell.cat\/web\/wp-content\/uploads\/2025\/09\/Inscripcio-servei-de-menjador.pdf' title='Full d\u2019inscripci\u00f3 al servei de migdia'  target=\"_blank\"  rel=\"noopener noreferrer\">Full d\u2019inscripci\u00f3 al servei de migdia<\/a><\/h3><\/header><div class='iconbox_content_container av_inherit_color'  itemprop=\"text\" ><p>Podeu fer la inscripci\u00f3 per tot el curs descarregant i entregant aquest document a la mateixa cantina.<\/p>\n<\/div><\/div><footer class=\"entry-footer\"><\/footer><\/article><\/div>\n<div  class='flex_column av-13ul7-250c4e385191308366fe021ac4bd9cc4 av_one_third  avia-builder-el-16  el_after_av_one_third  avia-builder-el-last  flex_column_div  column-top-margin'     ><style type=\"text\/css\" data-created_by=\"avia_inline_auto\" id=\"style-css-av-mf76heie-8b2b757d8af4a6fe73ddefd9a73355b3\">\n.iconbox.av-mf76heie-8b2b757d8af4a6fe73ddefd9a73355b3 .iconbox_icon{\ncolor:#5a9bd4;\n}\n.iconbox.av-mf76heie-8b2b757d8af4a6fe73ddefd9a73355b3 .iconbox_icon.avia-svg-icon svg:first-child{\nfill:#5a9bd4;\nstroke:#5a9bd4;\n}\n#top #wrap_all .iconbox.av-mf76heie-8b2b757d8af4a6fe73ddefd9a73355b3 .iconbox_content_title{\ncolor:#5a9bd4;\n}\n.iconbox.av-mf76heie-8b2b757d8af4a6fe73ddefd9a73355b3 .iconbox_content_container{\ncolor:#5a9bd4;\n}\n<\/style>\n<article  class='iconbox iconbox_left_content av-mf76heie-8b2b757d8af4a6fe73ddefd9a73355b3 av-icon-style-no-border  avia-builder-el-17  avia-builder-el-no-sibling '  itemscope=\"itemscope\" itemtype=\"https:\/\/schema.org\/CreativeWork\" ><a href='https:\/\/www.plamarcell.cat\/web\/wp-content\/uploads\/2025\/09\/Full-baixa-servei-menjador.pdf' title='Full de baixa del servei de migdia' aria-label='Full de baixa del servei de migdia'  target=\"_blank\"  rel=\"noopener noreferrer\" class='iconbox_icon heading-color avia-svg-icon avia-font-svg_entypo-fontello' data-av_svg_icon='newspaper' data-av_iconset='svg_entypo-fontello' ><svg version=\"1.1\" xmlns=\"http:\/\/www.w3.org\/2000\/svg\" width=\"26\" height=\"32\" viewBox=\"0 0 26 32\" preserveAspectRatio=\"xMidYMid meet\" aria-labelledby='av-svg-title-2' aria-describedby='av-svg-desc-2' role=\"graphics-symbol\">\n<title id='av-svg-title-2'>Full de baixa del servei de migdia<\/title>\n<desc id='av-svg-desc-2'>Full de baixa del servei de migdia<\/desc>\n<path d=\"M22.4 1.6q1.344 0 2.272 0.928t0.928 2.272v22.4q0 1.28-0.928 2.24t-2.272 0.96h-19.2q-1.28 0-2.24-0.96t-0.96-2.24v-22.4q0-1.344 0.96-2.272t2.24-0.928h19.2zM22.4 27.2v-22.4h-19.2v22.4h19.2zM14.4 19.2v1.6h-8v-1.6h8zM19.2 12.8v1.6h-6.4v-1.6h6.4zM12.8 11.2v-3.2h6.4v3.2h-6.4zM11.2 8v6.4h-4.8v-6.4h4.8zM9.6 16v1.6h-3.2v-1.6h3.2zM11.2 17.6v-1.6h8v1.6h-8zM19.2 22.4v1.6h-12.8v-1.6h12.8zM16 20.8v-1.6h3.2v1.6h-3.2z\"><\/path>\n<\/svg><\/a><div class=\"iconbox_content\"><header class=\"entry-content-header\" aria-label=\"Icon: Full de baixa del servei de migdia\"><h3 class='iconbox_content_title '  itemprop=\"headline\" ><a href='https:\/\/www.plamarcell.cat\/web\/wp-content\/uploads\/2025\/09\/Full-baixa-servei-menjador.pdf' title='Full de baixa del servei de migdia'  target=\"_blank\"  rel=\"noopener noreferrer\">Full de baixa del servei de migdia<\/a><\/h3><\/header><div class='iconbox_content_container av_inherit_color'  itemprop=\"text\" ><p>Podeu donar-vos de baixa descarregant i entregant aquest document a la mateixa cantina.<\/p>\n<\/div><\/div><footer class=\"entry-footer\"><\/footer><\/article><\/div>\n","protected":false},"excerpt":{"rendered":"","protected":false},"author":1,"featured_media":0,"parent":0,"menu_order":8,"comment_status":"closed","ping_status":"closed","template":"","meta":{"footnotes":""},"class_list":["post-27","page","type-page","status-publish","hentry"],"yoast_head":"<!-- This site is optimized with the Yoast SEO plugin v27.4 - https:\/\/yoast.com\/product\/yoast-seo-wordpress\/ -->\n<title>Cantina - Institut Pla Marcell<\/title>\n<meta name=\"robots\" content=\"index, follow, max-snippet:-1, max-image-preview:large, max-video-preview:-1\" \/>\n<link rel=\"canonical\" href=\"https:\/\/www.plamarcell.cat\/web\/cantina\/\" \/>\n<meta property=\"og:locale\" content=\"ca_ES\" \/>\n<meta property=\"og:type\" content=\"article\" \/>\n<meta property=\"og:title\" content=\"Cantina - Institut Pla Marcell\" \/>\n<meta property=\"og:url\" content=\"https:\/\/www.plamarcell.cat\/web\/cantina\/\" \/>\n<meta property=\"og:site_name\" content=\"Institut Pla Marcell\" \/>\n<meta property=\"article:modified_time\" content=\"2026-01-27T17:24:48+00:00\" \/>\n<meta name=\"twitter:card\" content=\"summary_large_image\" \/>\n<meta name=\"twitter:label1\" content=\"Temps estimat de lectura\" \/>\n\t<meta name=\"twitter:data1\" content=\"2 minuts\" \/>\n<script type=\"application\/ld+json\" class=\"yoast-schema-graph\">{\"@context\":\"https:\\\/\\\/schema.org\",\"@graph\":[{\"@type\":\"WebPage\",\"@id\":\"https:\\\/\\\/www.plamarcell.cat\\\/web\\\/cantina\\\/\",\"url\":\"https:\\\/\\\/www.plamarcell.cat\\\/web\\\/cantina\\\/\",\"name\":\"Cantina - Institut Pla Marcell\",\"isPartOf\":{\"@id\":\"https:\\\/\\\/www.plamarcell.cat\\\/web\\\/#website\"},\"datePublished\":\"2025-02-11T20:11:09+00:00\",\"dateModified\":\"2026-01-27T17:24:48+00:00\",\"breadcrumb\":{\"@id\":\"https:\\\/\\\/www.plamarcell.cat\\\/web\\\/cantina\\\/#breadcrumb\"},\"inLanguage\":\"ca\",\"potentialAction\":[{\"@type\":\"ReadAction\",\"target\":[\"https:\\\/\\\/www.plamarcell.cat\\\/web\\\/cantina\\\/\"]}]},{\"@type\":\"BreadcrumbList\",\"@id\":\"https:\\\/\\\/www.plamarcell.cat\\\/web\\\/cantina\\\/#breadcrumb\",\"itemListElement\":[{\"@type\":\"ListItem\",\"position\":1,\"name\":\"Inici\",\"item\":\"https:\\\/\\\/www.plamarcell.cat\\\/web\\\/\"},{\"@type\":\"ListItem\",\"position\":2,\"name\":\"Cantina\"}]},{\"@type\":\"WebSite\",\"@id\":\"https:\\\/\\\/www.plamarcell.cat\\\/web\\\/#website\",\"url\":\"https:\\\/\\\/www.plamarcell.cat\\\/web\\\/\",\"name\":\"Institut Pla Marcell\",\"description\":\"Decidir, conviure i aprendre\",\"publisher\":{\"@id\":\"https:\\\/\\\/www.plamarcell.cat\\\/web\\\/#organization\"},\"potentialAction\":[{\"@type\":\"SearchAction\",\"target\":{\"@type\":\"EntryPoint\",\"urlTemplate\":\"https:\\\/\\\/www.plamarcell.cat\\\/web\\\/?s={search_term_string}\"},\"query-input\":{\"@type\":\"PropertyValueSpecification\",\"valueRequired\":true,\"valueName\":\"search_term_string\"}}],\"inLanguage\":\"ca\"},{\"@type\":\"Organization\",\"@id\":\"https:\\\/\\\/www.plamarcell.cat\\\/web\\\/#organization\",\"name\":\"Institut Pla Marcell\",\"url\":\"https:\\\/\\\/www.plamarcell.cat\\\/web\\\/\",\"logo\":{\"@type\":\"ImageObject\",\"inLanguage\":\"ca\",\"@id\":\"https:\\\/\\\/www.plamarcell.cat\\\/web\\\/#\\\/schema\\\/logo\\\/image\\\/\",\"url\":\"https:\\\/\\\/www.plamarcell.cat\\\/web\\\/wp-content\\\/uploads\\\/2025\\\/03\\\/ima-Logo-header-1.png\",\"contentUrl\":\"https:\\\/\\\/www.plamarcell.cat\\\/web\\\/wp-content\\\/uploads\\\/2025\\\/03\\\/ima-Logo-header-1.png\",\"width\":1200,\"height\":700,\"caption\":\"Institut Pla Marcell\"},\"image\":{\"@id\":\"https:\\\/\\\/www.plamarcell.cat\\\/web\\\/#\\\/schema\\\/logo\\\/image\\\/\"},\"sameAs\":[\"https:\\\/\\\/www.instagram.com\\\/pla.marcell\\\/\"]}]}<\/script>\n<!-- \/ Yoast SEO plugin. -->","yoast_head_json":{"title":"Cantina - Institut Pla Marcell","robots":{"index":"index","follow":"follow","max-snippet":"max-snippet:-1","max-image-preview":"max-image-preview:large","max-video-preview":"max-video-preview:-1"},"canonical":"https:\/\/www.plamarcell.cat\/web\/cantina\/","og_locale":"ca_ES","og_type":"article","og_title":"Cantina - Institut Pla Marcell","og_url":"https:\/\/www.plamarcell.cat\/web\/cantina\/","og_site_name":"Institut Pla Marcell","article_modified_time":"2026-01-27T17:24:48+00:00","twitter_card":"summary_large_image","twitter_misc":{"Temps estimat de lectura":"2 minuts"},"schema":{"@context":"https:\/\/schema.org","@graph":[{"@type":"WebPage","@id":"https:\/\/www.plamarcell.cat\/web\/cantina\/","url":"https:\/\/www.plamarcell.cat\/web\/cantina\/","name":"Cantina - Institut Pla Marcell","isPartOf":{"@id":"https:\/\/www.plamarcell.cat\/web\/#website"},"datePublished":"2025-02-11T20:11:09+00:00","dateModified":"2026-01-27T17:24:48+00:00","breadcrumb":{"@id":"https:\/\/www.plamarcell.cat\/web\/cantina\/#breadcrumb"},"inLanguage":"ca","potentialAction":[{"@type":"ReadAction","target":["https:\/\/www.plamarcell.cat\/web\/cantina\/"]}]},{"@type":"BreadcrumbList","@id":"https:\/\/www.plamarcell.cat\/web\/cantina\/#breadcrumb","itemListElement":[{"@type":"ListItem","position":1,"name":"Inici","item":"https:\/\/www.plamarcell.cat\/web\/"},{"@type":"ListItem","position":2,"name":"Cantina"}]},{"@type":"WebSite","@id":"https:\/\/www.plamarcell.cat\/web\/#website","url":"https:\/\/www.plamarcell.cat\/web\/","name":"Institut Pla Marcell","description":"Decidir, conviure i aprendre","publisher":{"@id":"https:\/\/www.plamarcell.cat\/web\/#organization"},"potentialAction":[{"@type":"SearchAction","target":{"@type":"EntryPoint","urlTemplate":"https:\/\/www.plamarcell.cat\/web\/?s={search_term_string}"},"query-input":{"@type":"PropertyValueSpecification","valueRequired":true,"valueName":"search_term_string"}}],"inLanguage":"ca"},{"@type":"Organization","@id":"https:\/\/www.plamarcell.cat\/web\/#organization","name":"Institut Pla Marcell","url":"https:\/\/www.plamarcell.cat\/web\/","logo":{"@type":"ImageObject","inLanguage":"ca","@id":"https:\/\/www.plamarcell.cat\/web\/#\/schema\/logo\/image\/","url":"https:\/\/www.plamarcell.cat\/web\/wp-content\/uploads\/2025\/03\/ima-Logo-header-1.png","contentUrl":"https:\/\/www.plamarcell.cat\/web\/wp-content\/uploads\/2025\/03\/ima-Logo-header-1.png","width":1200,"height":700,"caption":"Institut Pla Marcell"},"image":{"@id":"https:\/\/www.plamarcell.cat\/web\/#\/schema\/logo\/image\/"},"sameAs":["https:\/\/www.instagram.com\/pla.marcell\/"]}]}},"_links":{"self":[{"href":"https:\/\/www.plamarcell.cat\/web\/wp-json\/wp\/v2\/pages\/27","targetHints":{"allow":["GET"]}}],"collection":[{"href":"https:\/\/www.plamarcell.cat\/web\/wp-json\/wp\/v2\/pages"}],"about":[{"href":"https:\/\/www.plamarcell.cat\/web\/wp-json\/wp\/v2\/types\/page"}],"author":[{"embeddable":true,"href":"https:\/\/www.plamarcell.cat\/web\/wp-json\/wp\/v2\/users\/1"}],"replies":[{"embeddable":true,"href":"https:\/\/www.plamarcell.cat\/web\/wp-json\/wp\/v2\/comments?post=27"}],"version-history":[{"count":43,"href":"https:\/\/www.plamarcell.cat\/web\/wp-json\/wp\/v2\/pages\/27\/revisions"}],"predecessor-version":[{"id":5357,"href":"https:\/\/www.plamarcell.cat\/web\/wp-json\/wp\/v2\/pages\/27\/revisions\/5357"}],"wp:attachment":[{"href":"https:\/\/www.plamarcell.cat\/web\/wp-json\/wp\/v2\/media?parent=27"}],"curies":[{"name":"wp","href":"https:\/\/api.w.org\/{rel}","templated":true}]}}