{"id":29,"date":"2025-02-11T21:11:51","date_gmt":"2025-02-11T20:11:51","guid":{"rendered":"https:\/\/www.plamarcell.cat\/web\/?page_id=29"},"modified":"2026-01-27T18:23:34","modified_gmt":"2026-01-27T17:23:34","slug":"consell-escolar","status":"publish","type":"page","link":"https:\/\/www.plamarcell.cat\/web\/consell-escolar\/","title":{"rendered":"Consell escolar"},"content":{"rendered":"<div  class='flex_column av-5ojoh-4036e8062b2b0f51dba01a9c4a73b96d av_one_third  avia-builder-el-0  el_before_av_two_third  avia-builder-el-first  first flex_column_div  '     ><style type=\"text\/css\" data-created_by=\"avia_inline_auto\" id=\"style-css-av-m7z0y72w-d0e094700ac6290a32ad90ab3f30cbce\">\n#top .av-special-heading.av-m7z0y72w-d0e094700ac6290a32ad90ab3f30cbce{\npadding-bottom:10px;\n}\nbody .av-special-heading.av-m7z0y72w-d0e094700ac6290a32ad90ab3f30cbce .av-special-heading-tag .heading-char{\nfont-size:25px;\n}\n.av-special-heading.av-m7z0y72w-d0e094700ac6290a32ad90ab3f30cbce .av-subheading{\nfont-size:15px;\n}\n<\/style>\n<div  class='av-special-heading av-m7z0y72w-d0e094700ac6290a32ad90ab3f30cbce av-special-heading-h1 blockquote modern-quote  avia-builder-el-1  avia-builder-el-no-sibling '><h1 class='av-special-heading-tag '  itemprop=\"headline\"  >Consell escolar<\/h1><div class=\"special-heading-border\"><div class=\"special-heading-inner-border\"><\/div><\/div><\/div><\/div>\n<div  class='flex_column av-57f61-bf9badd95c2e3057d707d310cb5867c5 av_two_third  avia-builder-el-2  el_after_av_one_third  el_before_av_hr  flex_column_div  '     ><p>\n<style type=\"text\/css\" data-created_by=\"avia_inline_auto\" id=\"style-css-av-4bk95-183130d8f1a1002f3f254c033701a855\">\n.avia-image-container.av-4bk95-183130d8f1a1002f3f254c033701a855 img.avia_image{\nbox-shadow:none;\n}\n.avia-image-container.av-4bk95-183130d8f1a1002f3f254c033701a855 .av-image-caption-overlay-center{\ncolor:#ffffff;\n}\n<\/style>\n<div  class='avia-image-container av-4bk95-183130d8f1a1002f3f254c033701a855 av-styling- avia-align-center  avia-builder-el-3  el_before_av_hr  avia-builder-el-first '   itemprop=\"image\" itemscope=\"itemscope\" itemtype=\"https:\/\/schema.org\/ImageObject\" ><div class=\"avia-image-container-inner\"><div class=\"avia-image-overlay-wrap\"><img decoding=\"async\" fetchpriority=\"high\" class='wp-image-3941 avia-img-lazy-loading-not-3941 avia_image ' src=\"https:\/\/www.plamarcell.cat\/web\/wp-content\/uploads\/2025\/04\/OP-Consell.jpg\" alt='Institut Pla Marcell - Cardedeu' title=''  height=\"630\" width=\"1500\"  itemprop=\"thumbnailUrl\" srcset=\"https:\/\/www.plamarcell.cat\/web\/wp-content\/uploads\/2025\/04\/OP-Consell.jpg 1500w, https:\/\/www.plamarcell.cat\/web\/wp-content\/uploads\/2025\/04\/OP-Consell-300x126.jpg 300w, https:\/\/www.plamarcell.cat\/web\/wp-content\/uploads\/2025\/04\/OP-Consell-1030x433.jpg 1030w, https:\/\/www.plamarcell.cat\/web\/wp-content\/uploads\/2025\/04\/OP-Consell-768x323.jpg 768w, https:\/\/www.plamarcell.cat\/web\/wp-content\/uploads\/2025\/04\/OP-Consell-705x296.jpg 705w\" sizes=\"(max-width: 1500px) 100vw, 1500px\" \/><\/div><\/div><\/div><br \/>\n\n<style type=\"text\/css\" data-created_by=\"avia_inline_auto\" id=\"style-css-av-m906bmdq-0cbae1a1d2d46e32eb9ad2fe8debd88a\">\n#top .hr.hr-invisible.av-m906bmdq-0cbae1a1d2d46e32eb9ad2fe8debd88a{\nheight:20px;\n}\n<\/style>\n<div  class='hr av-m906bmdq-0cbae1a1d2d46e32eb9ad2fe8debd88a hr-invisible  avia-builder-el-4  el_after_av_image  el_before_av_textblock '><span class='hr-inner '><span class=\"hr-inner-style\"><\/span><\/span><\/div><br \/>\n\n<style type=\"text\/css\" data-created_by=\"avia_inline_auto\" id=\"style-css-av-m725u3pv-7a546bb4f2cfbac696e0bb67ed8e4e11\">\n#top .av_textblock_section.av-m725u3pv-7a546bb4f2cfbac696e0bb67ed8e4e11 .avia_textblock{\nfont-size:24px;\ncolor:#ec6361;\n}\n<\/style>\n<section  class='av_textblock_section av-m725u3pv-7a546bb4f2cfbac696e0bb67ed8e4e11 '   itemscope=\"itemscope\" itemtype=\"https:\/\/schema.org\/CreativeWork\" ><div class='avia_textblock av_inherit_color'  itemprop=\"text\" ><p>El Consell Escolar \u00e9s l\u2019\u00f2rgan de participaci\u00f3 de la comunitat educativa en la gesti\u00f3 del centre. La seva funci\u00f3 principal \u00e9s supervisar, assessorar i prendre decisions estrat\u00e8giques en aspectes clau de l\u2019organitzaci\u00f3 i funcionament del centre.<\/p>\n<\/div><\/section><\/p><\/div><div  class='hr av-3oej9-08fca04ef5d2c18ede340510331881ac hr-default  avia-builder-el-6  el_after_av_two_third  el_before_av_one_third '><span class='hr-inner '><span class=\"hr-inner-style\"><\/span><\/span><\/div><\/p>\n<div  class='flex_column av-3ajgl-2be7efd87f1ae9abc01ce6477cd5ddc8 av_one_third  avia-builder-el-7  el_after_av_hr  el_before_av_two_third  first flex_column_div  '     ><style type=\"text\/css\" data-created_by=\"avia_inline_auto\" id=\"style-css-av-m7z0zzsm-deb7ec7fd041acfd0febd99084617891\">\n#top .av-special-heading.av-m7z0zzsm-deb7ec7fd041acfd0febd99084617891{\npadding-bottom:10px;\n}\nbody .av-special-heading.av-m7z0zzsm-deb7ec7fd041acfd0febd99084617891 .av-special-heading-tag .heading-char{\nfont-size:25px;\n}\n.av-special-heading.av-m7z0zzsm-deb7ec7fd041acfd0febd99084617891 .av-subheading{\nfont-size:15px;\n}\n<\/style>\n<div  class='av-special-heading av-m7z0zzsm-deb7ec7fd041acfd0febd99084617891 av-special-heading-h1 blockquote modern-quote  avia-builder-el-8  avia-builder-el-no-sibling '><h1 class='av-special-heading-tag '  itemprop=\"headline\"  >Funcions principals del Consell Escolar<\/h1><div class=\"special-heading-border\"><div class=\"special-heading-inner-border\"><\/div><\/div><\/div><\/div>\n<div  class='flex_column av-8tgl-5c855bca334caf91a0315888415b635e av_two_third  avia-builder-el-9  el_after_av_one_third  avia-builder-el-last  flex_column_div  '     ><section  class='av_textblock_section av-m7z0zvhr-6d6166e3daa29452f815611038ad8fa6 '   itemscope=\"itemscope\" itemtype=\"https:\/\/schema.org\/CreativeWork\" ><div class='avia_textblock'  itemprop=\"text\" ><ul>\n<li><b>Aprovar els documents clau del centre<\/b><span style=\"font-weight: 400;\">: projecte educatiu, normes d\u2019organitzaci\u00f3 i funcionament, programaci\u00f3 general anual, pressupost i mem\u00f2ria econ\u00f2mica.<\/span><\/li>\n<li><b>Fer el seguiment de l\u2019aplicaci\u00f3 del projecte educatiu<\/b><span style=\"font-weight: 400;\"> i proposar millores per garantir-ne la qualitat.<\/span><\/li>\n<li><b>Intervenir en la gesti\u00f3 econ\u00f2mica<\/b><span style=\"font-weight: 400;\"> del centre i supervisar l\u2019\u00fas dels recursos.<\/span><\/li>\n<li><b>Participar en la selecci\u00f3 del director\/a<\/b><span style=\"font-weight: 400;\"> i avaluar la seva gesti\u00f3.<\/span><\/li>\n<li><b>Fomentar la conviv\u00e8ncia i la inclusi\u00f3<\/b><span style=\"font-weight: 400;\">, aix\u00ed com vetllar pels drets i deures de tota la comunitat educativa.<\/span><\/li>\n<li><b>Afavorir la relaci\u00f3 entre el centre i el seu entorn<\/b><span style=\"font-weight: 400;\">, establint vincles amb\u00a0<\/span><\/li>\n<li><span style=\"font-weight: 400;\">altres institucions i entitats.<\/span><\/li>\n<\/ul>\n<p><span style=\"font-weight: 400;\">El Consell Escolar est\u00e0 format per representants de <\/span><b>l\u2019equip directiu, el professorat, les fam\u00edlies, l\u2019alumnat, el personal d\u2019administraci\u00f3 i serveis i l\u2019Ajuntament<\/b><span style=\"font-weight: 400;\">, garantint aix\u00ed una mirada plural i col\u00b7laborativa.\u00a0<\/span><\/p>\n<p><span style=\"font-weight: 400;\">En el nostre centre la representaci\u00f3 es concreta en:<\/span><\/p>\n<ul>\n<li><span style=\"font-weight: 400;\"><strong>Directora:<\/strong> Victoria Caner Henarejos<\/span><\/li>\n<li><span style=\"font-weight: 400;\"><strong>Cap d\u2019estudis:<\/strong> Gemma C\u00f2nsol Urgelles<\/span><\/li>\n<li><span style=\"font-weight: 400;\"><strong>Secret\u00e0ria:<\/strong> Carisa Baldov\u00ed Mulet<\/span><\/li>\n<li><span style=\"font-weight: 400;\"><strong>Representant de l\u2019Ajuntament:<\/strong> Xavier Orozco Delcl\u00f2s<\/span><\/li>\n<\/ul>\n<ul>\n<li><span style=\"font-weight: 400;\"><strong>Representants del professorat:<\/strong>\u00a0<\/span>\n<ul>\n<li><span style=\"font-weight: 400;\"><strong>ESO:<\/strong> \u00c0ngels Rodr\u00edguez Blanco, Laura Argem\u00ed, Ester Garcia i Raquel Alonso Chicharro<\/span><\/li>\n<li><span style=\"font-weight: 400;\"><strong>Cicles Formatius:<\/strong> Laura Santano\u00a0<\/span><\/li>\n<li><span style=\"font-weight: 400;\"><strong>IFE:<\/strong> Xevi Alabern<\/span><\/li>\n<\/ul>\n<\/li>\n<\/ul>\n<ul>\n<li><strong>Representant de l\u2019alumnat:\u00a0 <\/strong>\n<ul>\n<li><span style=\"font-weight: 400;\"><strong>ESO:<\/strong> Lara Barrag\u00e1n Beltran<\/span><\/li>\n<li><span style=\"font-weight: 400;\"><strong>Cicles Formatius:<\/strong> Gerard Denc\u00e0s Ortega<\/span><\/li>\n<li><span style=\"font-weight: 400;\"><strong>IFE:<\/strong> Oriol Pratginest\u00f3s<\/span><\/li>\n<\/ul>\n<\/li>\n<\/ul>\n<ul>\n<li><span style=\"font-weight: 400;\"><strong>Representant de fam\u00edlies:<\/strong> Marta Oliv\u00e9 Mant\u00e9, Rut Jim\u00e9nez Persona<\/span><\/li>\n<li><span style=\"font-weight: 400;\"><span style=\"font-weight: 400;\"><strong>Representant de l\u2019AFA:<\/strong> <\/span><\/span>Cristina Go\u0301mez<\/li>\n<li><span style=\"font-weight: 400;\"><strong>Representant del PAS:<\/strong> Asun L\u00f3pez i Garc\u00eda<\/span><\/li>\n<\/ul>\n<\/div><\/section><br \/>\n<div  class='hr av-1zrct-3fc46452e3b912f9ccc14e8627e57ced hr-default  avia-builder-el-11  el_after_av_textblock  el_before_av_heading '><span class='hr-inner '><span class=\"hr-inner-style\"><\/span><\/span><\/div><br \/>\n\n<style type=\"text\/css\" data-created_by=\"avia_inline_auto\" id=\"style-css-av-m7z148eu-3335d72feee7636d59e93c1de50322c1\">\n#top .av-special-heading.av-m7z148eu-3335d72feee7636d59e93c1de50322c1{\npadding-bottom:10px;\n}\nbody .av-special-heading.av-m7z148eu-3335d72feee7636d59e93c1de50322c1 .av-special-heading-tag .heading-char{\nfont-size:25px;\n}\n.av-special-heading.av-m7z148eu-3335d72feee7636d59e93c1de50322c1 .av-subheading{\nfont-size:15px;\n}\n<\/style>\n<div  class='av-special-heading av-m7z148eu-3335d72feee7636d59e93c1de50322c1 av-special-heading-h2 blockquote modern-quote  avia-builder-el-12  el_after_av_hr  avia-builder-el-last '><h2 class='av-special-heading-tag '  itemprop=\"headline\"  >Acords del consell escolar<\/h2><div class=\"special-heading-border\"><div class=\"special-heading-inner-border\"><\/div><\/div><\/div><\/p><\/div>\n","protected":false},"excerpt":{"rendered":"","protected":false},"author":1,"featured_media":0,"parent":0,"menu_order":6,"comment_status":"closed","ping_status":"closed","template":"","meta":{"footnotes":""},"class_list":["post-29","page","type-page","status-publish","hentry"],"yoast_head":"<!-- This site is optimized with the Yoast SEO plugin v27.4 - https:\/\/yoast.com\/product\/yoast-seo-wordpress\/ -->\n<title>Consell escolar - Institut Pla Marcell<\/title>\n<meta name=\"robots\" content=\"index, follow, max-snippet:-1, max-image-preview:large, max-video-preview:-1\" \/>\n<link rel=\"canonical\" href=\"https:\/\/www.plamarcell.cat\/web\/consell-escolar\/\" \/>\n<meta property=\"og:locale\" content=\"ca_ES\" \/>\n<meta property=\"og:type\" content=\"article\" \/>\n<meta property=\"og:title\" content=\"Consell escolar - Institut Pla Marcell\" \/>\n<meta property=\"og:url\" content=\"https:\/\/www.plamarcell.cat\/web\/consell-escolar\/\" \/>\n<meta property=\"og:site_name\" content=\"Institut Pla Marcell\" \/>\n<meta property=\"article:modified_time\" content=\"2026-01-27T17:23:34+00:00\" \/>\n<meta name=\"twitter:card\" content=\"summary_large_image\" \/>\n<meta name=\"twitter:label1\" content=\"Temps estimat de lectura\" \/>\n\t<meta name=\"twitter:data1\" content=\"2 minuts\" \/>\n<script type=\"application\/ld+json\" class=\"yoast-schema-graph\">{\"@context\":\"https:\\\/\\\/schema.org\",\"@graph\":[{\"@type\":\"WebPage\",\"@id\":\"https:\\\/\\\/www.plamarcell.cat\\\/web\\\/consell-escolar\\\/\",\"url\":\"https:\\\/\\\/www.plamarcell.cat\\\/web\\\/consell-escolar\\\/\",\"name\":\"Consell escolar - Institut Pla Marcell\",\"isPartOf\":{\"@id\":\"https:\\\/\\\/www.plamarcell.cat\\\/web\\\/#website\"},\"datePublished\":\"2025-02-11T20:11:51+00:00\",\"dateModified\":\"2026-01-27T17:23:34+00:00\",\"breadcrumb\":{\"@id\":\"https:\\\/\\\/www.plamarcell.cat\\\/web\\\/consell-escolar\\\/#breadcrumb\"},\"inLanguage\":\"ca\",\"potentialAction\":[{\"@type\":\"ReadAction\",\"target\":[\"https:\\\/\\\/www.plamarcell.cat\\\/web\\\/consell-escolar\\\/\"]}]},{\"@type\":\"BreadcrumbList\",\"@id\":\"https:\\\/\\\/www.plamarcell.cat\\\/web\\\/consell-escolar\\\/#breadcrumb\",\"itemListElement\":[{\"@type\":\"ListItem\",\"position\":1,\"name\":\"Inici\",\"item\":\"https:\\\/\\\/www.plamarcell.cat\\\/web\\\/\"},{\"@type\":\"ListItem\",\"position\":2,\"name\":\"Consell escolar\"}]},{\"@type\":\"WebSite\",\"@id\":\"https:\\\/\\\/www.plamarcell.cat\\\/web\\\/#website\",\"url\":\"https:\\\/\\\/www.plamarcell.cat\\\/web\\\/\",\"name\":\"Institut Pla Marcell\",\"description\":\"Decidir, conviure i aprendre\",\"publisher\":{\"@id\":\"https:\\\/\\\/www.plamarcell.cat\\\/web\\\/#organization\"},\"potentialAction\":[{\"@type\":\"SearchAction\",\"target\":{\"@type\":\"EntryPoint\",\"urlTemplate\":\"https:\\\/\\\/www.plamarcell.cat\\\/web\\\/?s={search_term_string}\"},\"query-input\":{\"@type\":\"PropertyValueSpecification\",\"valueRequired\":true,\"valueName\":\"search_term_string\"}}],\"inLanguage\":\"ca\"},{\"@type\":\"Organization\",\"@id\":\"https:\\\/\\\/www.plamarcell.cat\\\/web\\\/#organization\",\"name\":\"Institut Pla Marcell\",\"url\":\"https:\\\/\\\/www.plamarcell.cat\\\/web\\\/\",\"logo\":{\"@type\":\"ImageObject\",\"inLanguage\":\"ca\",\"@id\":\"https:\\\/\\\/www.plamarcell.cat\\\/web\\\/#\\\/schema\\\/logo\\\/image\\\/\",\"url\":\"https:\\\/\\\/www.plamarcell.cat\\\/web\\\/wp-content\\\/uploads\\\/2025\\\/03\\\/ima-Logo-header-1.png\",\"contentUrl\":\"https:\\\/\\\/www.plamarcell.cat\\\/web\\\/wp-content\\\/uploads\\\/2025\\\/03\\\/ima-Logo-header-1.png\",\"width\":1200,\"height\":700,\"caption\":\"Institut Pla Marcell\"},\"image\":{\"@id\":\"https:\\\/\\\/www.plamarcell.cat\\\/web\\\/#\\\/schema\\\/logo\\\/image\\\/\"},\"sameAs\":[\"https:\\\/\\\/www.instagram.com\\\/pla.marcell\\\/\"]}]}<\/script>\n<!-- \/ Yoast SEO plugin. -->","yoast_head_json":{"title":"Consell escolar - Institut Pla Marcell","robots":{"index":"index","follow":"follow","max-snippet":"max-snippet:-1","max-image-preview":"max-image-preview:large","max-video-preview":"max-video-preview:-1"},"canonical":"https:\/\/www.plamarcell.cat\/web\/consell-escolar\/","og_locale":"ca_ES","og_type":"article","og_title":"Consell escolar - Institut Pla Marcell","og_url":"https:\/\/www.plamarcell.cat\/web\/consell-escolar\/","og_site_name":"Institut Pla Marcell","article_modified_time":"2026-01-27T17:23:34+00:00","twitter_card":"summary_large_image","twitter_misc":{"Temps estimat de lectura":"2 minuts"},"schema":{"@context":"https:\/\/schema.org","@graph":[{"@type":"WebPage","@id":"https:\/\/www.plamarcell.cat\/web\/consell-escolar\/","url":"https:\/\/www.plamarcell.cat\/web\/consell-escolar\/","name":"Consell escolar - Institut Pla Marcell","isPartOf":{"@id":"https:\/\/www.plamarcell.cat\/web\/#website"},"datePublished":"2025-02-11T20:11:51+00:00","dateModified":"2026-01-27T17:23:34+00:00","breadcrumb":{"@id":"https:\/\/www.plamarcell.cat\/web\/consell-escolar\/#breadcrumb"},"inLanguage":"ca","potentialAction":[{"@type":"ReadAction","target":["https:\/\/www.plamarcell.cat\/web\/consell-escolar\/"]}]},{"@type":"BreadcrumbList","@id":"https:\/\/www.plamarcell.cat\/web\/consell-escolar\/#breadcrumb","itemListElement":[{"@type":"ListItem","position":1,"name":"Inici","item":"https:\/\/www.plamarcell.cat\/web\/"},{"@type":"ListItem","position":2,"name":"Consell escolar"}]},{"@type":"WebSite","@id":"https:\/\/www.plamarcell.cat\/web\/#website","url":"https:\/\/www.plamarcell.cat\/web\/","name":"Institut Pla Marcell","description":"Decidir, conviure i aprendre","publisher":{"@id":"https:\/\/www.plamarcell.cat\/web\/#organization"},"potentialAction":[{"@type":"SearchAction","target":{"@type":"EntryPoint","urlTemplate":"https:\/\/www.plamarcell.cat\/web\/?s={search_term_string}"},"query-input":{"@type":"PropertyValueSpecification","valueRequired":true,"valueName":"search_term_string"}}],"inLanguage":"ca"},{"@type":"Organization","@id":"https:\/\/www.plamarcell.cat\/web\/#organization","name":"Institut Pla Marcell","url":"https:\/\/www.plamarcell.cat\/web\/","logo":{"@type":"ImageObject","inLanguage":"ca","@id":"https:\/\/www.plamarcell.cat\/web\/#\/schema\/logo\/image\/","url":"https:\/\/www.plamarcell.cat\/web\/wp-content\/uploads\/2025\/03\/ima-Logo-header-1.png","contentUrl":"https:\/\/www.plamarcell.cat\/web\/wp-content\/uploads\/2025\/03\/ima-Logo-header-1.png","width":1200,"height":700,"caption":"Institut Pla Marcell"},"image":{"@id":"https:\/\/www.plamarcell.cat\/web\/#\/schema\/logo\/image\/"},"sameAs":["https:\/\/www.instagram.com\/pla.marcell\/"]}]}},"_links":{"self":[{"href":"https:\/\/www.plamarcell.cat\/web\/wp-json\/wp\/v2\/pages\/29","targetHints":{"allow":["GET"]}}],"collection":[{"href":"https:\/\/www.plamarcell.cat\/web\/wp-json\/wp\/v2\/pages"}],"about":[{"href":"https:\/\/www.plamarcell.cat\/web\/wp-json\/wp\/v2\/types\/page"}],"author":[{"embeddable":true,"href":"https:\/\/www.plamarcell.cat\/web\/wp-json\/wp\/v2\/users\/1"}],"replies":[{"embeddable":true,"href":"https:\/\/www.plamarcell.cat\/web\/wp-json\/wp\/v2\/comments?post=29"}],"version-history":[{"count":26,"href":"https:\/\/www.plamarcell.cat\/web\/wp-json\/wp\/v2\/pages\/29\/revisions"}],"predecessor-version":[{"id":5355,"href":"https:\/\/www.plamarcell.cat\/web\/wp-json\/wp\/v2\/pages\/29\/revisions\/5355"}],"wp:attachment":[{"href":"https:\/\/www.plamarcell.cat\/web\/wp-json\/wp\/v2\/media?parent=29"}],"curies":[{"name":"wp","href":"https:\/\/api.w.org\/{rel}","templated":true}]}}