{"id":3374,"date":"2025-03-18T17:29:39","date_gmt":"2025-03-18T16:29:39","guid":{"rendered":"https:\/\/www.plamarcell.cat\/web\/?page_id=3374"},"modified":"2026-01-27T18:24:19","modified_gmt":"2026-01-27T17:24:19","slug":"comissio-digital","status":"publish","type":"page","link":"https:\/\/www.plamarcell.cat\/web\/comissio-digital\/","title":{"rendered":"Comissi\u00f3 digital"},"content":{"rendered":"<div  class='flex_column av-17n16s-f1961fb59f820c509b586d3412b43aa1 av_one_third  avia-builder-el-0  el_before_av_two_third  avia-builder-el-first  first flex_column_div  '     ><style type=\"text\/css\" data-created_by=\"avia_inline_auto\" id=\"style-css-av-m70wysvq-9c05067aeb2afd66104184c7797e4869\">\n#top .av-special-heading.av-m70wysvq-9c05067aeb2afd66104184c7797e4869{\npadding-bottom:10px;\n}\nbody .av-special-heading.av-m70wysvq-9c05067aeb2afd66104184c7797e4869 .av-special-heading-tag .heading-char{\nfont-size:25px;\n}\n.av-special-heading.av-m70wysvq-9c05067aeb2afd66104184c7797e4869 .av-subheading{\nfont-size:15px;\n}\n<\/style>\n<div  class='av-special-heading av-m70wysvq-9c05067aeb2afd66104184c7797e4869 av-special-heading-h1 blockquote modern-quote  avia-builder-el-1  avia-builder-el-no-sibling '><h1 class='av-special-heading-tag '  itemprop=\"headline\"  >Comissi\u00f3 Digital<\/h1><div class=\"special-heading-border\"><div class=\"special-heading-inner-border\"><\/div><\/div><\/div><\/div>\n<div  class='flex_column av-m7utnfbm-92b5c114baf563fb1ce8e07de879f974 av_two_third  avia-builder-el-2  el_after_av_one_third  avia-builder-el-last  flex_column_div  '     ><p>\n<style type=\"text\/css\" data-created_by=\"avia_inline_auto\" id=\"style-css-av-b2d50-900db787b5427f9da50c1340515f3ae8\">\n.avia-image-container.av-b2d50-900db787b5427f9da50c1340515f3ae8 img.avia_image{\nbox-shadow:none;\n}\n.avia-image-container.av-b2d50-900db787b5427f9da50c1340515f3ae8 .av-image-caption-overlay-center{\ncolor:#ffffff;\n}\n<\/style>\n<div  class='avia-image-container av-b2d50-900db787b5427f9da50c1340515f3ae8 av-styling- avia-align-center  avia-builder-el-3  el_before_av_hr  avia-builder-el-first '   itemprop=\"image\" itemscope=\"itemscope\" itemtype=\"https:\/\/schema.org\/ImageObject\" ><div class=\"avia-image-container-inner\"><div class=\"avia-image-overlay-wrap\"><img decoding=\"async\" fetchpriority=\"high\" class='wp-image-3943 avia-img-lazy-loading-not-3943 avia_image ' src=\"https:\/\/www.plamarcell.cat\/web\/wp-content\/uploads\/2025\/04\/ComissioDigital.jpg\" alt='Institut Pla Marcell - Cardedeu' title=''  height=\"630\" width=\"1500\"  itemprop=\"thumbnailUrl\" srcset=\"https:\/\/www.plamarcell.cat\/web\/wp-content\/uploads\/2025\/04\/ComissioDigital.jpg 1500w, https:\/\/www.plamarcell.cat\/web\/wp-content\/uploads\/2025\/04\/ComissioDigital-300x126.jpg 300w, https:\/\/www.plamarcell.cat\/web\/wp-content\/uploads\/2025\/04\/ComissioDigital-1030x433.jpg 1030w, https:\/\/www.plamarcell.cat\/web\/wp-content\/uploads\/2025\/04\/ComissioDigital-768x323.jpg 768w, https:\/\/www.plamarcell.cat\/web\/wp-content\/uploads\/2025\/04\/ComissioDigital-705x296.jpg 705w\" sizes=\"(max-width: 1500px) 100vw, 1500px\" \/><\/div><\/div><\/div><br \/>\n\n<style type=\"text\/css\" data-created_by=\"avia_inline_auto\" id=\"style-css-av-m907jwb2-a4a9d8283026a793cf60f7fdbaf0bdb6\">\n#top .hr.hr-invisible.av-m907jwb2-a4a9d8283026a793cf60f7fdbaf0bdb6{\nheight:20px;\n}\n<\/style>\n<div  class='hr av-m907jwb2-a4a9d8283026a793cf60f7fdbaf0bdb6 hr-invisible  avia-builder-el-4  el_after_av_image  el_before_av_textblock '><span class='hr-inner '><span class=\"hr-inner-style\"><\/span><\/span><\/div><br \/>\n\n<style type=\"text\/css\" data-created_by=\"avia_inline_auto\" id=\"style-css-av-m7no2tzy-dc6c13302f436a6ae0273d4cad2c1a39\">\n#top .av_textblock_section.av-m7no2tzy-dc6c13302f436a6ae0273d4cad2c1a39 .avia_textblock{\nfont-size:24px;\ncolor:#ec6361;\n}\n<\/style>\n<section  class='av_textblock_section av-m7no2tzy-dc6c13302f436a6ae0273d4cad2c1a39 '   itemscope=\"itemscope\" itemtype=\"https:\/\/schema.org\/CreativeWork\" ><div class='avia_textblock av_inherit_color'  itemprop=\"text\" ><p>La Comissi\u00f3 Digital del nostre institut t\u00e9 com a objectiu impulsar la integraci\u00f3 de la tecnologia en l\u2019ensenyament i garantir-ne un \u00fas segur i efectiu per a tota la comunitat educativa.<\/p>\n<\/div><\/section><br \/>\n<div  class='hr av-28f3a6-a0b0dc20d5794b78583c38c5def10a81 hr-default  avia-builder-el-6  el_after_av_textblock  el_before_av_heading '><span class='hr-inner '><span class=\"hr-inner-style\"><\/span><\/span><\/div><br \/>\n\n<style type=\"text\/css\" data-created_by=\"avia_inline_auto\" id=\"style-css-av-mkwu9sop-87e50b8123264cb0ff00c4050e647edf\">\n#top .av-special-heading.av-mkwu9sop-87e50b8123264cb0ff00c4050e647edf{\npadding-bottom:10px;\n}\nbody .av-special-heading.av-mkwu9sop-87e50b8123264cb0ff00c4050e647edf .av-special-heading-tag .heading-char{\nfont-size:25px;\n}\n.av-special-heading.av-mkwu9sop-87e50b8123264cb0ff00c4050e647edf .av-subheading{\nfont-size:15px;\n}\n<\/style>\n<div  class='av-special-heading av-mkwu9sop-87e50b8123264cb0ff00c4050e647edf av-special-heading-h2 blockquote modern-quote  avia-builder-el-7  el_after_av_hr  el_before_av_textblock '><h2 class='av-special-heading-tag '  itemprop=\"headline\"  >Les seves funcions principals s\u00f3n:<\/h2><div class=\"special-heading-border\"><div class=\"special-heading-inner-border\"><\/div><\/div><\/div><br \/>\n<section  class='av_textblock_section av-mkwu94qv-a87fc8161d83206eb133c868a73e7b2c '   itemscope=\"itemscope\" itemtype=\"https:\/\/schema.org\/CreativeWork\" ><div class='avia_textblock'  itemprop=\"text\" ><ul>\n<li style=\"font-weight: 400;\" aria-level=\"1\"><span style=\"font-weight: 400;\"><strong>Millorar les eines digitals<\/strong> del centre i assegurar-ne un bon funcionament.<\/span><\/li>\n<li style=\"font-weight: 400;\" aria-level=\"1\"><span style=\"font-weight: 400;\"><strong>Donar suport<\/strong> al professorat i l\u2019alumnat en l\u2019\u00fas de recursos digitals.<\/span><\/li>\n<li style=\"font-weight: 400;\" aria-level=\"1\"><span style=\"font-weight: 400;\"><strong>Promoure la formaci\u00f3<\/strong> en compet\u00e8ncia digital, tant per docents com per estudiants.<\/span><\/li>\n<li style=\"font-weight: 400;\" aria-level=\"1\"><span style=\"font-weight: 400;\"><strong>Vetllar per la seguretat i privacitat<\/strong> de les dades en l\u2019entorn digital.<\/span><\/li>\n<li style=\"font-weight: 400;\" aria-level=\"1\"><span style=\"font-weight: 400;\"><strong>Fomentar un \u00fas responsable i cr\u00edtic<\/strong> de la tecnologia entre els alumnes.<\/span><\/li>\n<li style=\"font-weight: 400;\" aria-level=\"1\"><span style=\"font-weight: 400;\"><strong>Desenvolupar l\u2019estrat\u00e8gia<\/strong> digital de centre <strong>(PEDC)<\/strong><\/span><\/li>\n<\/ul>\n<p><span style=\"font-weight: 400;\">Per fer peticions de dispositius, donar d\u2019alta incid\u00e8ncies TIC i altres consultes, podeu accedir al seg\u00fcent enlla\u00e7 amb l\u2019usuari <strong>@plamarcell.net<\/strong>: <\/span><a href=\"https:\/\/sites.google.com\/plamarcell.net\/comissiodigital\/\">\u00a0<span style=\"font-weight: 400;\">Comissi\u00f3 Digital<\/span><\/a><\/p>\n<p><span style=\"font-weight: 400;\">Treballem per oferir un entorn digital de qualitat que afavoreix l\u2019aprenentatge i prepari els nostres alumnes per als reptes del futur<\/span><span style=\"font-weight: 400;\">.<\/span><\/p>\n<\/div><\/section><br \/>\n<div  class='hr av-wu56s-5618a29287adb83345b70291ce7dc2e8 hr-default  avia-builder-el-9  el_after_av_textblock  el_before_av_heading '><span class='hr-inner '><span class=\"hr-inner-style\"><\/span><\/span><\/div><br \/>\n\n<style type=\"text\/css\" data-created_by=\"avia_inline_auto\" id=\"style-css-av-m7uscalb-007bbaf99bcc7e792986eacf89291721\">\n#top .av-special-heading.av-m7uscalb-007bbaf99bcc7e792986eacf89291721{\npadding-bottom:10px;\n}\nbody .av-special-heading.av-m7uscalb-007bbaf99bcc7e792986eacf89291721 .av-special-heading-tag .heading-char{\nfont-size:25px;\n}\n.av-special-heading.av-m7uscalb-007bbaf99bcc7e792986eacf89291721 .av-subheading{\nfont-size:15px;\n}\n<\/style>\n<div  class='av-special-heading av-m7uscalb-007bbaf99bcc7e792986eacf89291721 av-special-heading-h2 blockquote modern-quote  avia-builder-el-10  el_after_av_hr  el_before_av_textblock '><h2 class='av-special-heading-tag '  itemprop=\"headline\"  >Estrat\u00e8gia Digital del Centre<\/h2><div class=\"special-heading-border\"><div class=\"special-heading-inner-border\"><\/div><\/div><\/div><br \/>\n<section  class='av_textblock_section av-m8epq7ce-ade76e942c74249a1233086e1fdbd14a '   itemscope=\"itemscope\" itemtype=\"https:\/\/schema.org\/CreativeWork\" ><div class='avia_textblock'  itemprop=\"text\" ><p><span style=\"font-weight: 400;\">L\u2019<\/span><b>Estrat\u00e8gia Digital del Centre (EDC)<\/b><span style=\"font-weight: 400;\"> \u00e9s el full de ruta que ens guia en la integraci\u00f3 de la tecnologia a l\u2019ensenyament i l\u2019aprenentatge, assegurant-ne un \u00fas pedag\u00f2gic, segur i accessible per a tota la comunitat educativa.<\/span><\/p>\n<p><span style=\"font-weight: 400;\">La nostra estrat\u00e8gia es desenvolupa a trav\u00e9s del<\/span> <a href=\"https:\/\/sites.google.com\/plamarcell.net\/edc-insplamarcell\/presentaci%C3%B3-de-ledc\"><span style=\"font-weight: 400;\">Pla Digital de Centre (PEDC)<\/span><\/a><span style=\"font-weight: 400;\">,<\/span><span style=\"font-weight: 400;\"> que inclou accions de formaci\u00f3, suport t\u00e8cnic i dinamitzaci\u00f3 de projectes digitals.<\/span><\/p>\n<\/div><\/section><br \/>\n<div  class='hr av-633l7y-e569f7a1ff957ab5fc8529a96beb1292 hr-default  avia-builder-el-12  el_after_av_textblock  el_before_av_heading '><span class='hr-inner '><span class=\"hr-inner-style\"><\/span><\/span><\/div><br \/>\n\n<style type=\"text\/css\" data-created_by=\"avia_inline_auto\" id=\"style-css-av-m8epsv1p-d295c8dccd5e5b29c50648768afcf075\">\n#top .av-special-heading.av-m8epsv1p-d295c8dccd5e5b29c50648768afcf075{\npadding-bottom:10px;\n}\nbody .av-special-heading.av-m8epsv1p-d295c8dccd5e5b29c50648768afcf075 .av-special-heading-tag .heading-char{\nfont-size:25px;\n}\n.av-special-heading.av-m8epsv1p-d295c8dccd5e5b29c50648768afcf075 .av-subheading{\nfont-size:15px;\n}\n<\/style>\n<div  class='av-special-heading av-m8epsv1p-d295c8dccd5e5b29c50648768afcf075 av-special-heading-h2 blockquote modern-quote  avia-builder-el-13  el_after_av_hr  el_before_av_textblock '><h2 class='av-special-heading-tag '  itemprop=\"headline\"  >Tinc una incid\u00e8ncia TIC. Qu\u00e8 faig?<\/h2><div class=\"special-heading-border\"><div class=\"special-heading-inner-border\"><\/div><\/div><\/div><br \/>\n<section  class='av_textblock_section av-m8epsqn5-ac0c9c3ebaf1844d4d8538efeb95e5be '   itemscope=\"itemscope\" itemtype=\"https:\/\/schema.org\/CreativeWork\" ><div class='avia_textblock'  itemprop=\"text\" ><ul>\n<li><span style=\"font-weight: 400;\">Ompliu el <\/span><a href=\"https:\/\/docs.google.com\/forms\/d\/e\/1FAIpQLScPmo61Sj50mbgJlojcGLICWru10jiRNMGrCOnnANBqPFODqA\/viewform\"><b>formulari d\u2019incid\u00e8ncies TIC<\/b><\/a> <span style=\"font-weight: 400;\">que trobem a Moodle (entrant com a invitat si hem perdut la contrasenya) o des d\u2019<\/span><a href=\"https:\/\/docs.google.com\/forms\/d\/e\/1FAIpQLScPmo61Sj50mbgJlojcGLICWru10jiRNMGrCOnnANBqPFODqA\/viewform\"><span style=\"font-weight: 400;\">aqu\u00ed<\/span><\/a><span style=\"font-weight: 400;\"> directament. No oblideu deixar la contrasenya si la incid\u00e8ncia \u00e9s al vostre ordinador.<\/span><\/li>\n<li style=\"font-weight: 400;\" aria-level=\"1\"><span style=\"font-weight: 400;\">Si es tracta d\u2019un ordinador, caldr\u00e0 deixar-lo a Coordinaci\u00f3 TIC aprofitant que baixeu a la seg\u00fcent estona de pati.<\/span><\/li>\n<li style=\"font-weight: 400;\" aria-level=\"1\"><span style=\"font-weight: 400;\">Ens posarem en contacte amb vosaltres per correu electr\u00f2nic quan tinguem resolta la incid\u00e8ncia.<\/span><\/li>\n<\/ul>\n<\/div><\/section><\/p><\/div>\n","protected":false},"excerpt":{"rendered":"","protected":false},"author":1,"featured_media":0,"parent":0,"menu_order":7,"comment_status":"closed","ping_status":"closed","template":"","meta":{"footnotes":""},"class_list":["post-3374","page","type-page","status-publish","hentry"],"yoast_head":"<!-- This site is optimized with the Yoast SEO plugin v27.4 - https:\/\/yoast.com\/product\/yoast-seo-wordpress\/ -->\n<title>Comissi\u00f3 digital - Institut Pla Marcell<\/title>\n<meta name=\"robots\" content=\"index, follow, max-snippet:-1, max-image-preview:large, max-video-preview:-1\" \/>\n<link rel=\"canonical\" href=\"https:\/\/www.plamarcell.cat\/web\/comissio-digital\/\" \/>\n<meta property=\"og:locale\" content=\"ca_ES\" \/>\n<meta property=\"og:type\" content=\"article\" \/>\n<meta property=\"og:title\" content=\"Comissi\u00f3 digital - Institut Pla Marcell\" \/>\n<meta property=\"og:url\" content=\"https:\/\/www.plamarcell.cat\/web\/comissio-digital\/\" \/>\n<meta property=\"og:site_name\" content=\"Institut Pla Marcell\" \/>\n<meta property=\"article:modified_time\" content=\"2026-01-27T17:24:19+00:00\" \/>\n<meta name=\"twitter:card\" content=\"summary_large_image\" \/>\n<meta name=\"twitter:label1\" content=\"Temps estimat de lectura\" \/>\n\t<meta name=\"twitter:data1\" content=\"2 minuts\" \/>\n<script type=\"application\/ld+json\" class=\"yoast-schema-graph\">{\"@context\":\"https:\\\/\\\/schema.org\",\"@graph\":[{\"@type\":\"WebPage\",\"@id\":\"https:\\\/\\\/www.plamarcell.cat\\\/web\\\/comissio-digital\\\/\",\"url\":\"https:\\\/\\\/www.plamarcell.cat\\\/web\\\/comissio-digital\\\/\",\"name\":\"Comissi\u00f3 digital - Institut Pla Marcell\",\"isPartOf\":{\"@id\":\"https:\\\/\\\/www.plamarcell.cat\\\/web\\\/#website\"},\"datePublished\":\"2025-03-18T16:29:39+00:00\",\"dateModified\":\"2026-01-27T17:24:19+00:00\",\"breadcrumb\":{\"@id\":\"https:\\\/\\\/www.plamarcell.cat\\\/web\\\/comissio-digital\\\/#breadcrumb\"},\"inLanguage\":\"ca\",\"potentialAction\":[{\"@type\":\"ReadAction\",\"target\":[\"https:\\\/\\\/www.plamarcell.cat\\\/web\\\/comissio-digital\\\/\"]}]},{\"@type\":\"BreadcrumbList\",\"@id\":\"https:\\\/\\\/www.plamarcell.cat\\\/web\\\/comissio-digital\\\/#breadcrumb\",\"itemListElement\":[{\"@type\":\"ListItem\",\"position\":1,\"name\":\"Inici\",\"item\":\"https:\\\/\\\/www.plamarcell.cat\\\/web\\\/\"},{\"@type\":\"ListItem\",\"position\":2,\"name\":\"Comissi\u00f3 digital\"}]},{\"@type\":\"WebSite\",\"@id\":\"https:\\\/\\\/www.plamarcell.cat\\\/web\\\/#website\",\"url\":\"https:\\\/\\\/www.plamarcell.cat\\\/web\\\/\",\"name\":\"Institut Pla Marcell\",\"description\":\"Decidir, conviure i aprendre\",\"publisher\":{\"@id\":\"https:\\\/\\\/www.plamarcell.cat\\\/web\\\/#organization\"},\"potentialAction\":[{\"@type\":\"SearchAction\",\"target\":{\"@type\":\"EntryPoint\",\"urlTemplate\":\"https:\\\/\\\/www.plamarcell.cat\\\/web\\\/?s={search_term_string}\"},\"query-input\":{\"@type\":\"PropertyValueSpecification\",\"valueRequired\":true,\"valueName\":\"search_term_string\"}}],\"inLanguage\":\"ca\"},{\"@type\":\"Organization\",\"@id\":\"https:\\\/\\\/www.plamarcell.cat\\\/web\\\/#organization\",\"name\":\"Institut Pla Marcell\",\"url\":\"https:\\\/\\\/www.plamarcell.cat\\\/web\\\/\",\"logo\":{\"@type\":\"ImageObject\",\"inLanguage\":\"ca\",\"@id\":\"https:\\\/\\\/www.plamarcell.cat\\\/web\\\/#\\\/schema\\\/logo\\\/image\\\/\",\"url\":\"https:\\\/\\\/www.plamarcell.cat\\\/web\\\/wp-content\\\/uploads\\\/2025\\\/03\\\/ima-Logo-header-1.png\",\"contentUrl\":\"https:\\\/\\\/www.plamarcell.cat\\\/web\\\/wp-content\\\/uploads\\\/2025\\\/03\\\/ima-Logo-header-1.png\",\"width\":1200,\"height\":700,\"caption\":\"Institut Pla Marcell\"},\"image\":{\"@id\":\"https:\\\/\\\/www.plamarcell.cat\\\/web\\\/#\\\/schema\\\/logo\\\/image\\\/\"},\"sameAs\":[\"https:\\\/\\\/www.instagram.com\\\/pla.marcell\\\/\"]}]}<\/script>\n<!-- \/ Yoast SEO plugin. -->","yoast_head_json":{"title":"Comissi\u00f3 digital - Institut Pla Marcell","robots":{"index":"index","follow":"follow","max-snippet":"max-snippet:-1","max-image-preview":"max-image-preview:large","max-video-preview":"max-video-preview:-1"},"canonical":"https:\/\/www.plamarcell.cat\/web\/comissio-digital\/","og_locale":"ca_ES","og_type":"article","og_title":"Comissi\u00f3 digital - Institut Pla Marcell","og_url":"https:\/\/www.plamarcell.cat\/web\/comissio-digital\/","og_site_name":"Institut Pla Marcell","article_modified_time":"2026-01-27T17:24:19+00:00","twitter_card":"summary_large_image","twitter_misc":{"Temps estimat de lectura":"2 minuts"},"schema":{"@context":"https:\/\/schema.org","@graph":[{"@type":"WebPage","@id":"https:\/\/www.plamarcell.cat\/web\/comissio-digital\/","url":"https:\/\/www.plamarcell.cat\/web\/comissio-digital\/","name":"Comissi\u00f3 digital - Institut Pla Marcell","isPartOf":{"@id":"https:\/\/www.plamarcell.cat\/web\/#website"},"datePublished":"2025-03-18T16:29:39+00:00","dateModified":"2026-01-27T17:24:19+00:00","breadcrumb":{"@id":"https:\/\/www.plamarcell.cat\/web\/comissio-digital\/#breadcrumb"},"inLanguage":"ca","potentialAction":[{"@type":"ReadAction","target":["https:\/\/www.plamarcell.cat\/web\/comissio-digital\/"]}]},{"@type":"BreadcrumbList","@id":"https:\/\/www.plamarcell.cat\/web\/comissio-digital\/#breadcrumb","itemListElement":[{"@type":"ListItem","position":1,"name":"Inici","item":"https:\/\/www.plamarcell.cat\/web\/"},{"@type":"ListItem","position":2,"name":"Comissi\u00f3 digital"}]},{"@type":"WebSite","@id":"https:\/\/www.plamarcell.cat\/web\/#website","url":"https:\/\/www.plamarcell.cat\/web\/","name":"Institut Pla Marcell","description":"Decidir, conviure i aprendre","publisher":{"@id":"https:\/\/www.plamarcell.cat\/web\/#organization"},"potentialAction":[{"@type":"SearchAction","target":{"@type":"EntryPoint","urlTemplate":"https:\/\/www.plamarcell.cat\/web\/?s={search_term_string}"},"query-input":{"@type":"PropertyValueSpecification","valueRequired":true,"valueName":"search_term_string"}}],"inLanguage":"ca"},{"@type":"Organization","@id":"https:\/\/www.plamarcell.cat\/web\/#organization","name":"Institut Pla Marcell","url":"https:\/\/www.plamarcell.cat\/web\/","logo":{"@type":"ImageObject","inLanguage":"ca","@id":"https:\/\/www.plamarcell.cat\/web\/#\/schema\/logo\/image\/","url":"https:\/\/www.plamarcell.cat\/web\/wp-content\/uploads\/2025\/03\/ima-Logo-header-1.png","contentUrl":"https:\/\/www.plamarcell.cat\/web\/wp-content\/uploads\/2025\/03\/ima-Logo-header-1.png","width":1200,"height":700,"caption":"Institut Pla Marcell"},"image":{"@id":"https:\/\/www.plamarcell.cat\/web\/#\/schema\/logo\/image\/"},"sameAs":["https:\/\/www.instagram.com\/pla.marcell\/"]}]}},"_links":{"self":[{"href":"https:\/\/www.plamarcell.cat\/web\/wp-json\/wp\/v2\/pages\/3374","targetHints":{"allow":["GET"]}}],"collection":[{"href":"https:\/\/www.plamarcell.cat\/web\/wp-json\/wp\/v2\/pages"}],"about":[{"href":"https:\/\/www.plamarcell.cat\/web\/wp-json\/wp\/v2\/types\/page"}],"author":[{"embeddable":true,"href":"https:\/\/www.plamarcell.cat\/web\/wp-json\/wp\/v2\/users\/1"}],"replies":[{"embeddable":true,"href":"https:\/\/www.plamarcell.cat\/web\/wp-json\/wp\/v2\/comments?post=3374"}],"version-history":[{"count":20,"href":"https:\/\/www.plamarcell.cat\/web\/wp-json\/wp\/v2\/pages\/3374\/revisions"}],"predecessor-version":[{"id":5356,"href":"https:\/\/www.plamarcell.cat\/web\/wp-json\/wp\/v2\/pages\/3374\/revisions\/5356"}],"wp:attachment":[{"href":"https:\/\/www.plamarcell.cat\/web\/wp-json\/wp\/v2\/media?parent=3374"}],"curies":[{"name":"wp","href":"https:\/\/api.w.org\/{rel}","templated":true}]}}