{"id":5424,"date":"2026-02-18T15:47:47","date_gmt":"2026-02-18T14:47:47","guid":{"rendered":"https:\/\/www.plamarcell.cat\/web\/?page_id=5424"},"modified":"2026-03-30T20:00:13","modified_gmt":"2026-03-30T18:00:13","slug":"preinscripcio-i-matricula","status":"publish","type":"page","link":"https:\/\/www.plamarcell.cat\/web\/preinscripcio-i-matricula\/","title":{"rendered":"Preinscripci\u00f3 i matr\u00edcula"},"content":{"rendered":"<div  class='flex_column av-altm5c-0aa58fc85334cd3f312fac11e71d8182 av_one_third  avia-builder-el-0  el_before_av_two_third  avia-builder-el-first  first flex_column_div  '     ><p>\n<style type=\"text\/css\" data-created_by=\"avia_inline_auto\" id=\"style-css-av-mls5uqdi-acbc081d2dc6ae34820b749b3cc1452c\">\n#top .av-special-heading.av-mls5uqdi-acbc081d2dc6ae34820b749b3cc1452c{\npadding-bottom:10px;\n}\nbody .av-special-heading.av-mls5uqdi-acbc081d2dc6ae34820b749b3cc1452c .av-special-heading-tag .heading-char{\nfont-size:25px;\n}\n.av-special-heading.av-mls5uqdi-acbc081d2dc6ae34820b749b3cc1452c .av-subheading{\nfont-size:15px;\n}\n<\/style>\n<div  class='av-special-heading av-mls5uqdi-acbc081d2dc6ae34820b749b3cc1452c av-special-heading-h1 blockquote modern-quote  avia-builder-el-1  el_before_av_hr  avia-builder-el-first '><h1 class='av-special-heading-tag '  itemprop=\"headline\"  >Preinscripci\u00f3 i matr\u00edcula<\/h1><div class=\"special-heading-border\"><div class=\"special-heading-inner-border\"><\/div><\/div><\/div><br \/>\n\n<style type=\"text\/css\" data-created_by=\"avia_inline_auto\" id=\"style-css-av-8ngtlc-86850e2e7b6fcdd76fb2249e38f10a70\">\n#top .hr.av-8ngtlc-86850e2e7b6fcdd76fb2249e38f10a70{\nmargin-top:10px;\nmargin-bottom:20px;\n}\n.hr.av-8ngtlc-86850e2e7b6fcdd76fb2249e38f10a70 .hr-inner{\nwidth:100%;\nborder-color:#e2e4e5;\n}\n<\/style>\n<div  class='hr av-8ngtlc-86850e2e7b6fcdd76fb2249e38f10a70 hr-custom  avia-builder-el-2  el_after_av_heading  el_before_av_icon_box  hr-center hr-icon-no'><span class='hr-inner inner-border-av-border-thin'><span class=\"hr-inner-style\"><\/span><\/span><\/div><br \/>\n\n<style type=\"text\/css\" data-created_by=\"avia_inline_auto\" id=\"style-css-av-mls64fa1-beeea40ceb575cfd026befd92ce7c919\">\n.iconbox.av-mls64fa1-beeea40ceb575cfd026befd92ce7c919 .iconbox_icon{\ncolor:#5a9bd4;\n}\n.iconbox.av-mls64fa1-beeea40ceb575cfd026befd92ce7c919 .iconbox_icon.avia-svg-icon svg:first-child{\nfill:#5a9bd4;\nstroke:#5a9bd4;\n}\n#top #wrap_all .iconbox.av-mls64fa1-beeea40ceb575cfd026befd92ce7c919 .iconbox_content_title{\ncolor:#5a9bd4;\n}\n.iconbox.av-mls64fa1-beeea40ceb575cfd026befd92ce7c919 .iconbox_content_container{\ncolor:#5a9bd4;\n}\n<\/style>\n<article  class='iconbox iconbox_left_content av-mls64fa1-beeea40ceb575cfd026befd92ce7c919 av-icon-style-no-border  avia-builder-el-3  el_after_av_hr  el_before_av_hr '  itemscope=\"itemscope\" itemtype=\"https:\/\/schema.org\/CreativeWork\" ><a href='https:\/\/preinscripcio.gencat.cat\/ca\/inici\/' title='Accedeix al web oficial' aria-label='Accedeix al web oficial'  target=\"_blank\"  rel=\"noopener noreferrer\" class='iconbox_icon heading-color avia-svg-icon avia-font-svg_entypo-fontello' data-av_svg_icon='publish' data-av_iconset='svg_entypo-fontello' ><svg version=\"1.1\" xmlns=\"http:\/\/www.w3.org\/2000\/svg\" width=\"32\" height=\"32\" viewBox=\"0 0 32 32\" preserveAspectRatio=\"xMidYMid meet\" aria-labelledby='av-svg-title-1' aria-describedby='av-svg-desc-1' role=\"graphics-symbol\">\n<title id='av-svg-title-1'>Accedeix al web oficial<\/title>\n<desc id='av-svg-desc-1'>Accedeix al web oficial<\/desc>\n<path d=\"M28.8 1.6q1.344 0 2.272 0.96t0.928 2.24v19.2q0 1.344-0.928 2.272t-2.272 0.928h-6.336v-3.136h6.4v-14.784h-25.664v14.784h6.4v3.136h-6.4q-1.28 0-2.24-0.928t-0.96-2.272v-19.2q0-1.28 0.96-2.24t2.24-0.96h25.6zM4.16 6.976q1.216 0 1.216-1.216 0-0.512-0.352-0.832t-0.864-0.32-0.864 0.352-0.352 0.8q0 0.512 0.352 0.864t0.864 0.352zM7.36 6.976q1.216 0 1.216-1.216 0-0.512-0.352-0.832t-0.864-0.32-0.864 0.352-0.352 0.8q0 0.512 0.352 0.864t0.864 0.352zM28.864 6.784v-1.984h-19.264v1.984h19.264zM15.936 13.12l7.744 7.68h-4.8v9.6h-5.888v-9.6h-4.8z\"><\/path>\n<\/svg><\/a><div class=\"iconbox_content\"><header class=\"entry-content-header\" aria-label=\"Icon: Accedeix al web oficial\"><h3 class='iconbox_content_title '  itemprop=\"headline\" ><a href='https:\/\/preinscripcio.gencat.cat\/ca\/inici\/' title='Accedeix al web oficial'  target=\"_blank\"  rel=\"noopener noreferrer\">Accedeix al web oficial<\/a><\/h3><\/header><div class='iconbox_content_container av_inherit_color'  itemprop=\"text\" ><p>Formalitza la teva preinscripci\u00f3. El tr\u00e0mit s\u2019ha de realitzar exclusivament a trav\u00e9s del web del Departament d\u2019Educaci\u00f3 de la Generalitat de Catalunya.<\/p>\n<\/div><\/div><footer class=\"entry-footer\"><\/footer><\/article><br \/>\n\n<style type=\"text\/css\" data-created_by=\"avia_inline_auto\" id=\"style-css-av-70ku5c-fadd197c68f19470ea5c88ac3f71a4a0\">\n#top .hr.av-70ku5c-fadd197c68f19470ea5c88ac3f71a4a0{\nmargin-top:5px;\nmargin-bottom:0;\n}\n.hr.av-70ku5c-fadd197c68f19470ea5c88ac3f71a4a0 .hr-inner{\nwidth:100%;\nborder-color:#e2e4e5;\n}\n<\/style>\n<div  class='hr av-70ku5c-fadd197c68f19470ea5c88ac3f71a4a0 hr-custom  avia-builder-el-4  el_after_av_icon_box  avia-builder-el-last  hr-center hr-icon-no'><span class='hr-inner inner-border-av-border-thin'><span class=\"hr-inner-style\"><\/span><\/span><\/div><\/p><\/div>\n<div  class='flex_column av-m7utnfbm-92b5c114baf563fb1ce8e07de879f974 av_two_third  avia-builder-el-5  el_after_av_one_third  avia-builder-el-last  flex_column_div  '     ><p>\n<style type=\"text\/css\" data-created_by=\"avia_inline_auto\" id=\"style-css-av-b2d50-142c0d72dd35505d366e0130be2303db\">\n.avia-image-container.av-b2d50-142c0d72dd35505d366e0130be2303db img.avia_image{\nbox-shadow:none;\n}\n.avia-image-container.av-b2d50-142c0d72dd35505d366e0130be2303db .av-image-caption-overlay-center{\ncolor:#ffffff;\n}\n<\/style>\n<div  class='avia-image-container av-b2d50-142c0d72dd35505d366e0130be2303db av-styling- avia-align-center  avia-builder-el-6  el_before_av_hr  avia-builder-el-first '   itemprop=\"image\" itemscope=\"itemscope\" itemtype=\"https:\/\/schema.org\/ImageObject\" ><div class=\"avia-image-container-inner\"><div class=\"avia-image-overlay-wrap\"><img decoding=\"async\" fetchpriority=\"high\" class='wp-image-5446 avia-img-lazy-loading-not-5446 avia_image ' src=\"https:\/\/www.plamarcell.cat\/web\/wp-content\/uploads\/2026\/02\/OP-ima-inscripcions.jpg\" alt='Institut Pla Marcell - Cardedeu' title='Institut Pla Marcell - Cardedeu'  height=\"420\" width=\"1000\"  itemprop=\"thumbnailUrl\" srcset=\"https:\/\/www.plamarcell.cat\/web\/wp-content\/uploads\/2026\/02\/OP-ima-inscripcions.jpg 1000w, https:\/\/www.plamarcell.cat\/web\/wp-content\/uploads\/2026\/02\/OP-ima-inscripcions-300x126.jpg 300w, https:\/\/www.plamarcell.cat\/web\/wp-content\/uploads\/2026\/02\/OP-ima-inscripcions-768x323.jpg 768w, https:\/\/www.plamarcell.cat\/web\/wp-content\/uploads\/2026\/02\/OP-ima-inscripcions-705x296.jpg 705w\" sizes=\"(max-width: 1000px) 100vw, 1000px\" \/><\/div><\/div><\/div><br \/>\n\n<style type=\"text\/css\" data-created_by=\"avia_inline_auto\" id=\"style-css-av-m907jwb2-a4a9d8283026a793cf60f7fdbaf0bdb6\">\n#top .hr.hr-invisible.av-m907jwb2-a4a9d8283026a793cf60f7fdbaf0bdb6{\nheight:20px;\n}\n<\/style>\n<div  class='hr av-m907jwb2-a4a9d8283026a793cf60f7fdbaf0bdb6 hr-invisible  avia-builder-el-7  el_after_av_image  el_before_av_textblock '><span class='hr-inner '><span class=\"hr-inner-style\"><\/span><\/span><\/div><br \/>\n\n<style type=\"text\/css\" data-created_by=\"avia_inline_auto\" id=\"style-css-av-m7no2tzy-dc6c13302f436a6ae0273d4cad2c1a39\">\n#top .av_textblock_section.av-m7no2tzy-dc6c13302f436a6ae0273d4cad2c1a39 .avia_textblock{\nfont-size:24px;\ncolor:#ec6361;\n}\n<\/style>\n<section  class='av_textblock_section av-m7no2tzy-dc6c13302f436a6ae0273d4cad2c1a39 '   itemscope=\"itemscope\" itemtype=\"https:\/\/schema.org\/CreativeWork\" ><div class='avia_textblock av_inherit_color'  itemprop=\"text\" ><p>\u00c9s el moment de fer el pas. Consulteu els terminis de preinscripci\u00f3 i matr\u00edcula. Amb nosaltres, trobareu un entorn proper, professional i comprom\u00e8s amb l&#8217;aprenentatge dels vostres fills. Gr\u00e0cies per escollir l\u2019Institut Pla Marcell.<\/p>\n<\/div><\/section><br \/>\n<div  class='hr av-28f3a6-a0b0dc20d5794b78583c38c5def10a81 hr-default  avia-builder-el-9  el_after_av_textblock  el_before_av_heading '><span class='hr-inner '><span class=\"hr-inner-style\"><\/span><\/span><\/div><br \/>\n\n<style type=\"text\/css\" data-created_by=\"avia_inline_auto\" id=\"style-css-av-mkwu9sop-2326adc88812142eb9b9bb9ae9cf226f\">\n#top .av-special-heading.av-mkwu9sop-2326adc88812142eb9b9bb9ae9cf226f{\npadding-bottom:10px;\n}\nbody .av-special-heading.av-mkwu9sop-2326adc88812142eb9b9bb9ae9cf226f .av-special-heading-tag .heading-char{\nfont-size:25px;\n}\n.av-special-heading.av-mkwu9sop-2326adc88812142eb9b9bb9ae9cf226f .av-subheading{\nfont-size:15px;\n}\n<\/style>\n<div  class='av-special-heading av-mkwu9sop-2326adc88812142eb9b9bb9ae9cf226f av-special-heading-h2 blockquote modern-quote  avia-builder-el-10  el_after_av_hr  el_before_av_textblock '><h2 class='av-special-heading-tag '  itemprop=\"headline\"  >ESO<\/h2><div class=\"special-heading-border\"><div class=\"special-heading-inner-border\"><\/div><\/div><\/div><br \/>\n<section  class='av_textblock_section av-mkwu94qv-a87fc8161d83206eb133c868a73e7b2c '   itemscope=\"itemscope\" itemtype=\"https:\/\/schema.org\/CreativeWork\" ><div class='avia_textblock'  itemprop=\"text\" ><p>Preinscripci\u00f3<br \/>\n<strong>Del<\/strong> <strong>6 al 18 de mar\u00e7 de 2026<\/strong><\/p>\n<p>Matr\u00edcula<br \/>\n<strong><span class=\"s1\">22 al 30 de juny de 2026<\/span><\/strong><\/p>\n<\/div><\/section><br \/>\n<div  class='hr av-wu56s-5618a29287adb83345b70291ce7dc2e8 hr-default  avia-builder-el-12  el_after_av_textblock  el_before_av_heading '><span class='hr-inner '><span class=\"hr-inner-style\"><\/span><\/span><\/div><br \/>\n\n<style type=\"text\/css\" data-created_by=\"avia_inline_auto\" id=\"style-css-av-mls5l3q7-8e4a806d6d24718ca69092bce032fa2f\">\n#top .av-special-heading.av-mls5l3q7-8e4a806d6d24718ca69092bce032fa2f{\npadding-bottom:10px;\n}\nbody .av-special-heading.av-mls5l3q7-8e4a806d6d24718ca69092bce032fa2f .av-special-heading-tag .heading-char{\nfont-size:25px;\n}\n.av-special-heading.av-mls5l3q7-8e4a806d6d24718ca69092bce032fa2f .av-subheading{\nfont-size:15px;\n}\n<\/style>\n<div  class='av-special-heading av-mls5l3q7-8e4a806d6d24718ca69092bce032fa2f av-special-heading-h2 blockquote modern-quote  avia-builder-el-13  el_after_av_hr  el_before_av_textblock '><h2 class='av-special-heading-tag '  itemprop=\"headline\"  >Cicles Formatius de Grau Mitj\u00e0<\/h2><div class=\"special-heading-border\"><div class=\"special-heading-inner-border\"><\/div><\/div><\/div><br \/>\n<section  class='av_textblock_section av-mls5sfc9-2a6ffa000ddec52090715ba309906ebe '   itemscope=\"itemscope\" itemtype=\"https:\/\/schema.org\/CreativeWork\" ><div class='avia_textblock'  itemprop=\"text\" ><p>Preinscripci\u00f3<br \/>\n<strong>Del 26 de maig al 1 de juny de 2026<\/strong><\/p>\n<p>Matr\u00edcula<br \/>\n<strong>1a tanda: 10 al 14 de juliol de 2026<br \/>\n<\/strong><strong>2a tanda: 24 al 28 de juliol de 2026<\/strong><\/p>\n<\/div><\/section><br \/>\n<div  class='hr av-633l7y-e569f7a1ff957ab5fc8529a96beb1292 hr-default  avia-builder-el-15  el_after_av_textblock  el_before_av_heading '><span class='hr-inner '><span class=\"hr-inner-style\"><\/span><\/span><\/div><br \/>\n\n<style type=\"text\/css\" data-created_by=\"avia_inline_auto\" id=\"style-css-av-mls5ltft-ef6c89ebc5a4421836108b1778d66b2e\">\n#top .av-special-heading.av-mls5ltft-ef6c89ebc5a4421836108b1778d66b2e{\npadding-bottom:10px;\n}\nbody .av-special-heading.av-mls5ltft-ef6c89ebc5a4421836108b1778d66b2e .av-special-heading-tag .heading-char{\nfont-size:25px;\n}\n.av-special-heading.av-mls5ltft-ef6c89ebc5a4421836108b1778d66b2e .av-subheading{\nfont-size:15px;\n}\n<\/style>\n<div  class='av-special-heading av-mls5ltft-ef6c89ebc5a4421836108b1778d66b2e av-special-heading-h2 blockquote modern-quote  avia-builder-el-16  el_after_av_hr  el_before_av_textblock '><h2 class='av-special-heading-tag '  itemprop=\"headline\"  >Cicles Formatius de Grau Superior<\/h2><div class=\"special-heading-border\"><div class=\"special-heading-inner-border\"><\/div><\/div><\/div><br \/>\n<section  class='av_textblock_section av-mls5skfr-c11da53e39029caeddf97022f8dbfc0d '   itemscope=\"itemscope\" itemtype=\"https:\/\/schema.org\/CreativeWork\" ><div class='avia_textblock'  itemprop=\"text\" ><p>Preinscripci\u00f3<br \/>\n<strong>Del 26 de maig al 1 de juny de 2026<\/strong><\/p>\n<p>Matr\u00edcula<br \/>\n<strong>1a tanda: 10 al 14 de juliol de 2026<br \/>\n<\/strong><strong>2a tanda: 24 al 28 de juliol de 2026<\/strong><\/p>\n<\/div><\/section><br \/>\n<div  class='hr av-5ctzlc-823a3ff2d46b2074b657a9701394e85f hr-default  avia-builder-el-18  el_after_av_textblock  el_before_av_heading '><span class='hr-inner '><span class=\"hr-inner-style\"><\/span><\/span><\/div><br \/>\n\n<style type=\"text\/css\" data-created_by=\"avia_inline_auto\" id=\"style-css-av-mls5mgah-2296997be76150c88503424159018f53\">\n#top .av-special-heading.av-mls5mgah-2296997be76150c88503424159018f53{\npadding-bottom:10px;\n}\nbody .av-special-heading.av-mls5mgah-2296997be76150c88503424159018f53 .av-special-heading-tag .heading-char{\nfont-size:25px;\n}\n.av-special-heading.av-mls5mgah-2296997be76150c88503424159018f53 .av-subheading{\nfont-size:15px;\n}\n<\/style>\n<div  class='av-special-heading av-mls5mgah-2296997be76150c88503424159018f53 av-special-heading-h2 blockquote modern-quote  avia-builder-el-19  el_after_av_hr  el_before_av_textblock '><h2 class='av-special-heading-tag '  itemprop=\"headline\"  >PFI \u2013 Programa de formaci\u00f3 i inserci\u00f3<\/h2><div class=\"special-heading-border\"><div class=\"special-heading-inner-border\"><\/div><\/div><\/div><br \/>\n<section  class='av_textblock_section av-mls5sonx-a78c80f146c0d0720e638343481ea0e5 '   itemscope=\"itemscope\" itemtype=\"https:\/\/schema.org\/CreativeWork\" ><div class='avia_textblock'  itemprop=\"text\" ><p>Preinscripci\u00f3<br \/>\n<strong>4 al 13 de maig de 2026<\/strong><\/p>\n<p>Matr\u00edcula<br \/>\n<strong>6 a 10 de juliol de 2026<\/strong><\/p>\n<\/div><\/section><br \/>\n<div  class='hr av-4kdgvk-9200e84cbff580b889d4c3f76d8de9f5 hr-default  avia-builder-el-21  el_after_av_textblock  el_before_av_heading '><span class='hr-inner '><span class=\"hr-inner-style\"><\/span><\/span><\/div><br \/>\n\n<style type=\"text\/css\" data-created_by=\"avia_inline_auto\" id=\"style-css-av-mls5n4e4-1a9d35c2fd4f92f324203cb63aa1ef1f\">\n#top .av-special-heading.av-mls5n4e4-1a9d35c2fd4f92f324203cb63aa1ef1f{\npadding-bottom:10px;\n}\nbody .av-special-heading.av-mls5n4e4-1a9d35c2fd4f92f324203cb63aa1ef1f .av-special-heading-tag .heading-char{\nfont-size:25px;\n}\n.av-special-heading.av-mls5n4e4-1a9d35c2fd4f92f324203cb63aa1ef1f .av-subheading{\nfont-size:15px;\n}\n<\/style>\n<div  class='av-special-heading av-mls5n4e4-1a9d35c2fd4f92f324203cb63aa1ef1f av-special-heading-h2 blockquote modern-quote  avia-builder-el-22  el_after_av_hr  el_before_av_textblock '><h2 class='av-special-heading-tag '  itemprop=\"headline\"  >IFE \u2013 Itinerari formatiu espec\u00edfic<\/h2><div class=\"special-heading-border\"><div class=\"special-heading-inner-border\"><\/div><\/div><\/div><br \/>\n<section  class='av_textblock_section av-mls5ssqt-52cb5ab228d4ab819bd0bcfaf751261c '   itemscope=\"itemscope\" itemtype=\"https:\/\/schema.org\/CreativeWork\" ><div class='avia_textblock'  itemprop=\"text\" ><p>Preinscripci\u00f3<br \/>\n<strong>11 a 22 de maig de 2026<\/strong><\/p>\n<p>Matr\u00edcula<br \/>\n<strong>19 a 26 de juny de 2026<\/strong><\/p>\n<\/div><\/section><br \/>\n<div  class='hr av-2yczow-e3975f528801d2714dd54fa57d660883 hr-default  avia-builder-el-24  el_after_av_textblock  avia-builder-el-last '><span class='hr-inner '><span class=\"hr-inner-style\"><\/span><\/span><\/div><\/p><\/div>\n","protected":false},"excerpt":{"rendered":"","protected":false},"author":1,"featured_media":0,"parent":0,"menu_order":24,"comment_status":"closed","ping_status":"closed","template":"","meta":{"footnotes":""},"class_list":["post-5424","page","type-page","status-publish","hentry"],"yoast_head":"<!-- This site is optimized with the Yoast SEO plugin v27.2 - https:\/\/yoast.com\/product\/yoast-seo-wordpress\/ -->\n<title>Inscripcions i preinscripcions | Institut Pla Marcell<\/title>\n<meta name=\"description\" content=\"Consulteu els terminis de preinscripci\u00f3 i matr\u00edcula i amb nosaltres trobareu un entorn proper, professional i comprom\u00e8s amb l&#039;educaci\u00f3.\" \/>\n<meta name=\"robots\" content=\"index, follow, max-snippet:-1, max-image-preview:large, max-video-preview:-1\" \/>\n<link rel=\"canonical\" href=\"https:\/\/www.plamarcell.cat\/web\/preinscripcio-i-matricula\/\" \/>\n<meta property=\"og:locale\" content=\"ca_ES\" \/>\n<meta property=\"og:type\" content=\"article\" \/>\n<meta property=\"og:title\" content=\"Inscripcions i preinscripcions | Institut Pla Marcell\" \/>\n<meta property=\"og:description\" content=\"Consulteu els terminis de preinscripci\u00f3 i matr\u00edcula i amb nosaltres trobareu un entorn proper, professional i comprom\u00e8s amb l&#039;educaci\u00f3.\" \/>\n<meta property=\"og:url\" content=\"https:\/\/www.plamarcell.cat\/web\/preinscripcio-i-matricula\/\" \/>\n<meta property=\"og:site_name\" content=\"Institut Pla Marcell\" \/>\n<meta property=\"article:modified_time\" content=\"2026-03-30T18:00:13+00:00\" \/>\n<meta name=\"twitter:card\" content=\"summary_large_image\" \/>\n<meta name=\"twitter:label1\" content=\"Temps estimat de lectura\" \/>\n\t<meta name=\"twitter:data1\" content=\"2 minuts\" \/>\n<script type=\"application\/ld+json\" class=\"yoast-schema-graph\">{\"@context\":\"https:\/\/schema.org\",\"@graph\":[{\"@type\":\"WebPage\",\"@id\":\"https:\/\/www.plamarcell.cat\/web\/preinscripcio-i-matricula\/\",\"url\":\"https:\/\/www.plamarcell.cat\/web\/preinscripcio-i-matricula\/\",\"name\":\"Inscripcions i preinscripcions | Institut Pla Marcell\",\"isPartOf\":{\"@id\":\"https:\/\/www.plamarcell.cat\/web\/#website\"},\"datePublished\":\"2026-02-18T14:47:47+00:00\",\"dateModified\":\"2026-03-30T18:00:13+00:00\",\"description\":\"Consulteu els terminis de preinscripci\u00f3 i matr\u00edcula i amb nosaltres trobareu un entorn proper, professional i comprom\u00e8s amb l'educaci\u00f3.\",\"breadcrumb\":{\"@id\":\"https:\/\/www.plamarcell.cat\/web\/preinscripcio-i-matricula\/#breadcrumb\"},\"inLanguage\":\"ca\",\"potentialAction\":[{\"@type\":\"ReadAction\",\"target\":[\"https:\/\/www.plamarcell.cat\/web\/preinscripcio-i-matricula\/\"]}]},{\"@type\":\"BreadcrumbList\",\"@id\":\"https:\/\/www.plamarcell.cat\/web\/preinscripcio-i-matricula\/#breadcrumb\",\"itemListElement\":[{\"@type\":\"ListItem\",\"position\":1,\"name\":\"Inici\",\"item\":\"https:\/\/www.plamarcell.cat\/web\/\"},{\"@type\":\"ListItem\",\"position\":2,\"name\":\"Preinscripci\u00f3 i matr\u00edcula\"}]},{\"@type\":\"WebSite\",\"@id\":\"https:\/\/www.plamarcell.cat\/web\/#website\",\"url\":\"https:\/\/www.plamarcell.cat\/web\/\",\"name\":\"Institut Pla Marcell\",\"description\":\"Decidir, conviure i aprendre\",\"publisher\":{\"@id\":\"https:\/\/www.plamarcell.cat\/web\/#organization\"},\"potentialAction\":[{\"@type\":\"SearchAction\",\"target\":{\"@type\":\"EntryPoint\",\"urlTemplate\":\"https:\/\/www.plamarcell.cat\/web\/?s={search_term_string}\"},\"query-input\":{\"@type\":\"PropertyValueSpecification\",\"valueRequired\":true,\"valueName\":\"search_term_string\"}}],\"inLanguage\":\"ca\"},{\"@type\":\"Organization\",\"@id\":\"https:\/\/www.plamarcell.cat\/web\/#organization\",\"name\":\"Institut Pla Marcell\",\"url\":\"https:\/\/www.plamarcell.cat\/web\/\",\"logo\":{\"@type\":\"ImageObject\",\"inLanguage\":\"ca\",\"@id\":\"https:\/\/www.plamarcell.cat\/web\/#\/schema\/logo\/image\/\",\"url\":\"https:\/\/www.plamarcell.cat\/web\/wp-content\/uploads\/2025\/03\/ima-Logo-header-1.png\",\"contentUrl\":\"https:\/\/www.plamarcell.cat\/web\/wp-content\/uploads\/2025\/03\/ima-Logo-header-1.png\",\"width\":1200,\"height\":700,\"caption\":\"Institut Pla Marcell\"},\"image\":{\"@id\":\"https:\/\/www.plamarcell.cat\/web\/#\/schema\/logo\/image\/\"},\"sameAs\":[\"https:\/\/www.instagram.com\/pla.marcell\/\"]}]}<\/script>\n<!-- \/ Yoast SEO plugin. -->","yoast_head_json":{"title":"Inscripcions i preinscripcions | Institut Pla Marcell","description":"Consulteu els terminis de preinscripci\u00f3 i matr\u00edcula i amb nosaltres trobareu un entorn proper, professional i comprom\u00e8s amb l'educaci\u00f3.","robots":{"index":"index","follow":"follow","max-snippet":"max-snippet:-1","max-image-preview":"max-image-preview:large","max-video-preview":"max-video-preview:-1"},"canonical":"https:\/\/www.plamarcell.cat\/web\/preinscripcio-i-matricula\/","og_locale":"ca_ES","og_type":"article","og_title":"Inscripcions i preinscripcions | Institut Pla Marcell","og_description":"Consulteu els terminis de preinscripci\u00f3 i matr\u00edcula i amb nosaltres trobareu un entorn proper, professional i comprom\u00e8s amb l'educaci\u00f3.","og_url":"https:\/\/www.plamarcell.cat\/web\/preinscripcio-i-matricula\/","og_site_name":"Institut Pla Marcell","article_modified_time":"2026-03-30T18:00:13+00:00","twitter_card":"summary_large_image","twitter_misc":{"Temps estimat de lectura":"2 minuts"},"schema":{"@context":"https:\/\/schema.org","@graph":[{"@type":"WebPage","@id":"https:\/\/www.plamarcell.cat\/web\/preinscripcio-i-matricula\/","url":"https:\/\/www.plamarcell.cat\/web\/preinscripcio-i-matricula\/","name":"Inscripcions i preinscripcions | Institut Pla Marcell","isPartOf":{"@id":"https:\/\/www.plamarcell.cat\/web\/#website"},"datePublished":"2026-02-18T14:47:47+00:00","dateModified":"2026-03-30T18:00:13+00:00","description":"Consulteu els terminis de preinscripci\u00f3 i matr\u00edcula i amb nosaltres trobareu un entorn proper, professional i comprom\u00e8s amb l'educaci\u00f3.","breadcrumb":{"@id":"https:\/\/www.plamarcell.cat\/web\/preinscripcio-i-matricula\/#breadcrumb"},"inLanguage":"ca","potentialAction":[{"@type":"ReadAction","target":["https:\/\/www.plamarcell.cat\/web\/preinscripcio-i-matricula\/"]}]},{"@type":"BreadcrumbList","@id":"https:\/\/www.plamarcell.cat\/web\/preinscripcio-i-matricula\/#breadcrumb","itemListElement":[{"@type":"ListItem","position":1,"name":"Inici","item":"https:\/\/www.plamarcell.cat\/web\/"},{"@type":"ListItem","position":2,"name":"Preinscripci\u00f3 i matr\u00edcula"}]},{"@type":"WebSite","@id":"https:\/\/www.plamarcell.cat\/web\/#website","url":"https:\/\/www.plamarcell.cat\/web\/","name":"Institut Pla Marcell","description":"Decidir, conviure i aprendre","publisher":{"@id":"https:\/\/www.plamarcell.cat\/web\/#organization"},"potentialAction":[{"@type":"SearchAction","target":{"@type":"EntryPoint","urlTemplate":"https:\/\/www.plamarcell.cat\/web\/?s={search_term_string}"},"query-input":{"@type":"PropertyValueSpecification","valueRequired":true,"valueName":"search_term_string"}}],"inLanguage":"ca"},{"@type":"Organization","@id":"https:\/\/www.plamarcell.cat\/web\/#organization","name":"Institut Pla Marcell","url":"https:\/\/www.plamarcell.cat\/web\/","logo":{"@type":"ImageObject","inLanguage":"ca","@id":"https:\/\/www.plamarcell.cat\/web\/#\/schema\/logo\/image\/","url":"https:\/\/www.plamarcell.cat\/web\/wp-content\/uploads\/2025\/03\/ima-Logo-header-1.png","contentUrl":"https:\/\/www.plamarcell.cat\/web\/wp-content\/uploads\/2025\/03\/ima-Logo-header-1.png","width":1200,"height":700,"caption":"Institut Pla Marcell"},"image":{"@id":"https:\/\/www.plamarcell.cat\/web\/#\/schema\/logo\/image\/"},"sameAs":["https:\/\/www.instagram.com\/pla.marcell\/"]}]}},"_links":{"self":[{"href":"https:\/\/www.plamarcell.cat\/web\/wp-json\/wp\/v2\/pages\/5424","targetHints":{"allow":["GET"]}}],"collection":[{"href":"https:\/\/www.plamarcell.cat\/web\/wp-json\/wp\/v2\/pages"}],"about":[{"href":"https:\/\/www.plamarcell.cat\/web\/wp-json\/wp\/v2\/types\/page"}],"author":[{"embeddable":true,"href":"https:\/\/www.plamarcell.cat\/web\/wp-json\/wp\/v2\/users\/1"}],"replies":[{"embeddable":true,"href":"https:\/\/www.plamarcell.cat\/web\/wp-json\/wp\/v2\/comments?post=5424"}],"version-history":[{"count":29,"href":"https:\/\/www.plamarcell.cat\/web\/wp-json\/wp\/v2\/pages\/5424\/revisions"}],"predecessor-version":[{"id":5776,"href":"https:\/\/www.plamarcell.cat\/web\/wp-json\/wp\/v2\/pages\/5424\/revisions\/5776"}],"wp:attachment":[{"href":"https:\/\/www.plamarcell.cat\/web\/wp-json\/wp\/v2\/media?parent=5424"}],"curies":[{"name":"wp","href":"https:\/\/api.w.org\/{rel}","templated":true}]}}