{"id":5855,"date":"2026-04-22T19:45:18","date_gmt":"2026-04-22T17:45:18","guid":{"rendered":"https:\/\/www.plamarcell.cat\/web\/?page_id=5855"},"modified":"2026-04-22T21:08:26","modified_gmt":"2026-04-22T19:08:26","slug":"som-centre-pesal","status":"publish","type":"page","link":"https:\/\/www.plamarcell.cat\/web\/som-centre-pesal\/","title":{"rendered":"Som centre PESAL"},"content":{"rendered":"<div  class='flex_column av-17n16s-f1961fb59f820c509b586d3412b43aa1 av_one_third  avia-builder-el-0  el_before_av_two_third  avia-builder-el-first  first flex_column_div  '     ><style type=\"text\/css\" data-created_by=\"avia_inline_auto\" id=\"style-css-av-m70wysvq-d5a5f93841150a8a870f2311b48be145\">\n#top .av-special-heading.av-m70wysvq-d5a5f93841150a8a870f2311b48be145{\npadding-bottom:10px;\n}\nbody .av-special-heading.av-m70wysvq-d5a5f93841150a8a870f2311b48be145 .av-special-heading-tag .heading-char{\nfont-size:25px;\n}\n.av-special-heading.av-m70wysvq-d5a5f93841150a8a870f2311b48be145 .av-subheading{\nfont-size:15px;\n}\n<\/style>\n<div  class='av-special-heading av-m70wysvq-d5a5f93841150a8a870f2311b48be145 av-special-heading-h1 blockquote modern-quote  avia-builder-el-1  avia-builder-el-no-sibling '><h1 class='av-special-heading-tag '  itemprop=\"headline\"  >Atenci\u00f3 especialitzada en audici\u00f3 i llenguatge<\/h1><div class=\"special-heading-border\"><div class=\"special-heading-inner-border\"><\/div><\/div><\/div><\/div>\n<div  class='flex_column av-m7utnfbm-92b5c114baf563fb1ce8e07de879f974 av_two_third  avia-builder-el-2  el_after_av_one_third  el_before_av_hr  flex_column_div  '     ><p>\n<style type=\"text\/css\" data-created_by=\"avia_inline_auto\" id=\"style-css-av-b2d50-49e2892f063e284572f0208ebc659ace\">\n.avia-image-container.av-b2d50-49e2892f063e284572f0208ebc659ace img.avia_image{\nbox-shadow:none;\n}\n.avia-image-container.av-b2d50-49e2892f063e284572f0208ebc659ace .av-image-caption-overlay-center{\ncolor:#ffffff;\n}\n<\/style>\n<div  class='avia-image-container av-b2d50-49e2892f063e284572f0208ebc659ace av-styling- avia-align-center  avia-builder-el-3  el_before_av_hr  avia-builder-el-first '   itemprop=\"image\" itemscope=\"itemscope\" itemtype=\"https:\/\/schema.org\/ImageObject\" ><div class=\"avia-image-container-inner\"><div class=\"avia-image-overlay-wrap\"><img decoding=\"async\" fetchpriority=\"high\" class='wp-image-5872 avia-img-lazy-loading-not-5872 avia_image ' src=\"https:\/\/www.plamarcell.cat\/web\/wp-content\/uploads\/2026\/04\/OP-teacher-class-with-student.jpg\" alt='Institut Pla Marcell - Cardedeu - PESAL - Projecte Educatiu de Suport a l\u2019Audici\u00f3 i el Llenguatge' title='PESAL'  height=\"420\" width=\"1000\"  itemprop=\"thumbnailUrl\" srcset=\"https:\/\/www.plamarcell.cat\/web\/wp-content\/uploads\/2026\/04\/OP-teacher-class-with-student.jpg 1000w, https:\/\/www.plamarcell.cat\/web\/wp-content\/uploads\/2026\/04\/OP-teacher-class-with-student-300x126.jpg 300w, https:\/\/www.plamarcell.cat\/web\/wp-content\/uploads\/2026\/04\/OP-teacher-class-with-student-768x323.jpg 768w, https:\/\/www.plamarcell.cat\/web\/wp-content\/uploads\/2026\/04\/OP-teacher-class-with-student-705x296.jpg 705w\" sizes=\"(max-width: 1000px) 100vw, 1000px\" \/><\/div><\/div><\/div><br \/>\n\n<style type=\"text\/css\" data-created_by=\"avia_inline_auto\" id=\"style-css-av-m90900sg-cce57be827b05697cc5c5e588ca44ca5\">\n#top .hr.hr-invisible.av-m90900sg-cce57be827b05697cc5c5e588ca44ca5{\nheight:20px;\n}\n<\/style>\n<div  class='hr av-m90900sg-cce57be827b05697cc5c5e588ca44ca5 hr-invisible  avia-builder-el-4  el_after_av_image  el_before_av_textblock '><span class='hr-inner '><span class=\"hr-inner-style\"><\/span><\/span><\/div><br \/>\n\n<style type=\"text\/css\" data-created_by=\"avia_inline_auto\" id=\"style-css-av-m7no2tzy-dc6c13302f436a6ae0273d4cad2c1a39\">\n#top .av_textblock_section.av-m7no2tzy-dc6c13302f436a6ae0273d4cad2c1a39 .avia_textblock{\nfont-size:24px;\ncolor:#ec6361;\n}\n<\/style>\n<section  class='av_textblock_section av-m7no2tzy-dc6c13302f436a6ae0273d4cad2c1a39 '   itemscope=\"itemscope\" itemtype=\"https:\/\/schema.org\/CreativeWork\" ><div class='avia_textblock av_inherit_color'  itemprop=\"text\" ><p><span style=\"font-weight: 400;\">Al <\/span><b>Pla Marcell<\/b><span style=\"font-weight: 400;\"> apostem per una educaci\u00f3 inclusiva real, on cada alumne t\u00e9 l\u2019oportunitat de cr\u00e9ixer, comunicar-se i aprendre en igualtat de condicions.<\/span><\/p>\n<p><span style=\"font-weight: 400;\">Som un centre <\/span><b>PESAL<\/b><span style=\"font-weight: 400;\"> (Projecte Educatiu de Suport a l\u2019Audici\u00f3 i el Llenguatge), especialitzat en l\u2019atenci\u00f3 a l\u2019alumnat amb p\u00e8rdua auditiva. <\/span><\/p>\n<p><span style=\"font-weight: 400;\">Oferim suports intensius que faciliten la seva plena participaci\u00f3 a l\u2019aula ordin\u00e0ria i en la vida del centre.<\/span><\/p>\n<h3><\/h3>\n<\/div><\/section><\/p><\/div><div  class='hr av-wu56s-5618a29287adb83345b70291ce7dc2e8 hr-default  avia-builder-el-6  el_after_av_two_third  el_before_av_one_third '><span class='hr-inner '><span class=\"hr-inner-style\"><\/span><\/span><\/div><\/p>\n<div  class='flex_column av-kzie4-43cf5a1c1ab607317915cb94bfb0fc85 av_one_third  avia-builder-el-7  el_after_av_hr  el_before_av_two_third  first flex_column_div  '     ><style type=\"text\/css\" data-created_by=\"avia_inline_auto\" id=\"style-css-av-m7uscalb-5c14d358bfc91c828fa88c8246eacea4\">\n#top .av-special-heading.av-m7uscalb-5c14d358bfc91c828fa88c8246eacea4{\npadding-bottom:10px;\n}\nbody .av-special-heading.av-m7uscalb-5c14d358bfc91c828fa88c8246eacea4 .av-special-heading-tag .heading-char{\nfont-size:25px;\n}\n.av-special-heading.av-m7uscalb-5c14d358bfc91c828fa88c8246eacea4 .av-subheading{\nfont-size:15px;\n}\n<\/style>\n<div  class='av-special-heading av-m7uscalb-5c14d358bfc91c828fa88c8246eacea4 av-special-heading-h1 blockquote modern-quote  avia-builder-el-8  avia-builder-el-no-sibling '><h1 class='av-special-heading-tag '  itemprop=\"headline\"  >Qu\u00e8 s\u00f3n els suports SIAL?<\/h1><div class=\"special-heading-border\"><div class=\"special-heading-inner-border\"><\/div><\/div><\/div><\/div>\n<div  class='flex_column av-hopdw-e33882b4349617c055241e33a39e5c4f av_two_third  avia-builder-el-9  el_after_av_one_third  el_before_av_hr  flex_column_div  '     ><section  class='av_textblock_section av-m7utih9g-b6ac5395dc6f0e79c133acddc1ed776a '   itemscope=\"itemscope\" itemtype=\"https:\/\/schema.org\/CreativeWork\" ><div class='avia_textblock'  itemprop=\"text\" ><p><span style=\"font-weight: 400;\">Mitjan\u00e7ant els <\/span><b>SIAL<\/b><span style=\"font-weight: 400;\"> (Suports Intensius d\u2019Audici\u00f3 i Llenguatge), proporcionem una atenci\u00f3 espec\u00edfica a l\u2019alumnat amb sordesa severa o pregona.<\/span><\/p>\n<p><span style=\"font-weight: 400;\">Aquests suports tenen com a objectiu:<\/span><\/p>\n<ul>\n<li><span style=\"font-weight: 400;\">Potenciar la comunicaci\u00f3<\/span><\/li>\n<li><span style=\"font-weight: 400;\">Afavorir el desenvolupament del llenguatge<\/span><\/li>\n<li><span style=\"font-weight: 400;\">Garantir l\u2019acc\u00e9s al curr\u00edculum<\/span><\/li>\n<\/ul>\n<\/div><\/section><\/div>\n<div  class='hr av-61kce7-911642ea853036ee58a64194af17292d hr-default  avia-builder-el-11  el_after_av_two_third  el_before_av_one_third '><span class='hr-inner '><span class=\"hr-inner-style\"><\/span><\/span><\/div>\n<div  class='flex_column av-3r53en-d0a248dd28435d8ce2397468b824ed2e av_one_third  avia-builder-el-12  el_after_av_hr  el_before_av_two_third  first flex_column_div  '     ><style type=\"text\/css\" data-created_by=\"avia_inline_auto\" id=\"style-css-av-moadfnbx-25eec63e74e3be1fc0a287af7551e517\">\n#top .av-special-heading.av-moadfnbx-25eec63e74e3be1fc0a287af7551e517{\npadding-bottom:10px;\n}\nbody .av-special-heading.av-moadfnbx-25eec63e74e3be1fc0a287af7551e517 .av-special-heading-tag .heading-char{\nfont-size:25px;\n}\n.av-special-heading.av-moadfnbx-25eec63e74e3be1fc0a287af7551e517 .av-subheading{\nfont-size:15px;\n}\n<\/style>\n<div  class='av-special-heading av-moadfnbx-25eec63e74e3be1fc0a287af7551e517 av-special-heading-h1 blockquote modern-quote  avia-builder-el-13  avia-builder-el-no-sibling '><h1 class='av-special-heading-tag '  itemprop=\"headline\"  >Treball en equip<\/h1><div class=\"special-heading-border\"><div class=\"special-heading-inner-border\"><\/div><\/div><\/div><\/div>\n<div  class='flex_column av-1ve6hb-db254f30b31c0599c475fb6cbef7925f av_two_third  avia-builder-el-14  el_after_av_one_third  avia-builder-el-last  flex_column_div  '     ><section  class='av_textblock_section av-moadfj0t-b9fb56c533b763bddfbc51694484ee44 '   itemscope=\"itemscope\" itemtype=\"https:\/\/schema.org\/CreativeWork\" ><div class='avia_textblock'  itemprop=\"text\" ><p><span style=\"font-weight: 400;\">Aquesta tasca es duu a terme amb intervencions personalitzades, constants i de qualitat, liderades per la mestra d\u2019Audici\u00f3 i Llenguatge.<\/span><\/p>\n<p><span style=\"font-weight: 400;\">Treballem en estreta coordinaci\u00f3 amb el <\/span><b>CREDA<\/b><span style=\"font-weight: 400;\"> (Centre de Recursos Educatius per a Deficients Auditius), assegurant una resposta educativa coherent i adaptada a cada alumne.<\/span><\/p>\n<\/div><\/section><\/div>\n","protected":false},"excerpt":{"rendered":"","protected":false},"author":1,"featured_media":0,"parent":0,"menu_order":11,"comment_status":"closed","ping_status":"closed","template":"","meta":{"footnotes":""},"class_list":["post-5855","page","type-page","status-publish","hentry"],"yoast_head":"<!-- This site is optimized with the Yoast SEO plugin v27.4 - https:\/\/yoast.com\/product\/yoast-seo-wordpress\/ -->\n<title>Som Centre PESAL | Suport a l\u2019Audici\u00f3 i Llenguatge | Pla Marcell<\/title>\n<meta name=\"description\" content=\"Centre PESAL a Cardedeu. L\u2019Institut Pla Marcell ofereix suport educatiu en audici\u00f3 i llenguatge per a alumnat amb p\u00e8rdua auditiva.\" \/>\n<meta name=\"robots\" content=\"index, follow, max-snippet:-1, max-image-preview:large, max-video-preview:-1\" \/>\n<link rel=\"canonical\" href=\"https:\/\/www.plamarcell.cat\/web\/som-centre-pesal\/\" \/>\n<meta property=\"og:locale\" content=\"ca_ES\" \/>\n<meta property=\"og:type\" content=\"article\" \/>\n<meta property=\"og:title\" content=\"Som Centre PESAL | Suport a l\u2019Audici\u00f3 i Llenguatge | Pla Marcell\" \/>\n<meta property=\"og:description\" content=\"Centre PESAL a Cardedeu. L\u2019Institut Pla Marcell ofereix suport educatiu en audici\u00f3 i llenguatge per a alumnat amb p\u00e8rdua auditiva.\" \/>\n<meta property=\"og:url\" content=\"https:\/\/www.plamarcell.cat\/web\/som-centre-pesal\/\" \/>\n<meta property=\"og:site_name\" content=\"Institut Pla Marcell\" \/>\n<meta property=\"article:modified_time\" content=\"2026-04-22T19:08:26+00:00\" \/>\n<meta name=\"twitter:card\" content=\"summary_large_image\" \/>\n<meta name=\"twitter:label1\" content=\"Temps estimat de lectura\" \/>\n\t<meta name=\"twitter:data1\" content=\"2 minuts\" \/>\n<script type=\"application\/ld+json\" class=\"yoast-schema-graph\">{\"@context\":\"https:\\\/\\\/schema.org\",\"@graph\":[{\"@type\":\"WebPage\",\"@id\":\"https:\\\/\\\/www.plamarcell.cat\\\/web\\\/som-centre-pesal\\\/\",\"url\":\"https:\\\/\\\/www.plamarcell.cat\\\/web\\\/som-centre-pesal\\\/\",\"name\":\"Som Centre PESAL | Suport a l\u2019Audici\u00f3 i Llenguatge | Pla Marcell\",\"isPartOf\":{\"@id\":\"https:\\\/\\\/www.plamarcell.cat\\\/web\\\/#website\"},\"datePublished\":\"2026-04-22T17:45:18+00:00\",\"dateModified\":\"2026-04-22T19:08:26+00:00\",\"description\":\"Centre PESAL a Cardedeu. L\u2019Institut Pla Marcell ofereix suport educatiu en audici\u00f3 i llenguatge per a alumnat amb p\u00e8rdua auditiva.\",\"breadcrumb\":{\"@id\":\"https:\\\/\\\/www.plamarcell.cat\\\/web\\\/som-centre-pesal\\\/#breadcrumb\"},\"inLanguage\":\"ca\",\"potentialAction\":[{\"@type\":\"ReadAction\",\"target\":[\"https:\\\/\\\/www.plamarcell.cat\\\/web\\\/som-centre-pesal\\\/\"]}]},{\"@type\":\"BreadcrumbList\",\"@id\":\"https:\\\/\\\/www.plamarcell.cat\\\/web\\\/som-centre-pesal\\\/#breadcrumb\",\"itemListElement\":[{\"@type\":\"ListItem\",\"position\":1,\"name\":\"Inici\",\"item\":\"https:\\\/\\\/www.plamarcell.cat\\\/web\\\/\"},{\"@type\":\"ListItem\",\"position\":2,\"name\":\"Som centre PESAL\"}]},{\"@type\":\"WebSite\",\"@id\":\"https:\\\/\\\/www.plamarcell.cat\\\/web\\\/#website\",\"url\":\"https:\\\/\\\/www.plamarcell.cat\\\/web\\\/\",\"name\":\"Institut Pla Marcell\",\"description\":\"Decidir, conviure i aprendre\",\"publisher\":{\"@id\":\"https:\\\/\\\/www.plamarcell.cat\\\/web\\\/#organization\"},\"potentialAction\":[{\"@type\":\"SearchAction\",\"target\":{\"@type\":\"EntryPoint\",\"urlTemplate\":\"https:\\\/\\\/www.plamarcell.cat\\\/web\\\/?s={search_term_string}\"},\"query-input\":{\"@type\":\"PropertyValueSpecification\",\"valueRequired\":true,\"valueName\":\"search_term_string\"}}],\"inLanguage\":\"ca\"},{\"@type\":\"Organization\",\"@id\":\"https:\\\/\\\/www.plamarcell.cat\\\/web\\\/#organization\",\"name\":\"Institut Pla Marcell\",\"url\":\"https:\\\/\\\/www.plamarcell.cat\\\/web\\\/\",\"logo\":{\"@type\":\"ImageObject\",\"inLanguage\":\"ca\",\"@id\":\"https:\\\/\\\/www.plamarcell.cat\\\/web\\\/#\\\/schema\\\/logo\\\/image\\\/\",\"url\":\"https:\\\/\\\/www.plamarcell.cat\\\/web\\\/wp-content\\\/uploads\\\/2025\\\/03\\\/ima-Logo-header-1.png\",\"contentUrl\":\"https:\\\/\\\/www.plamarcell.cat\\\/web\\\/wp-content\\\/uploads\\\/2025\\\/03\\\/ima-Logo-header-1.png\",\"width\":1200,\"height\":700,\"caption\":\"Institut Pla Marcell\"},\"image\":{\"@id\":\"https:\\\/\\\/www.plamarcell.cat\\\/web\\\/#\\\/schema\\\/logo\\\/image\\\/\"},\"sameAs\":[\"https:\\\/\\\/www.instagram.com\\\/pla.marcell\\\/\"]}]}<\/script>\n<!-- \/ Yoast SEO plugin. -->","yoast_head_json":{"title":"Som Centre PESAL | Suport a l\u2019Audici\u00f3 i Llenguatge | Pla Marcell","description":"Centre PESAL a Cardedeu. L\u2019Institut Pla Marcell ofereix suport educatiu en audici\u00f3 i llenguatge per a alumnat amb p\u00e8rdua auditiva.","robots":{"index":"index","follow":"follow","max-snippet":"max-snippet:-1","max-image-preview":"max-image-preview:large","max-video-preview":"max-video-preview:-1"},"canonical":"https:\/\/www.plamarcell.cat\/web\/som-centre-pesal\/","og_locale":"ca_ES","og_type":"article","og_title":"Som Centre PESAL | Suport a l\u2019Audici\u00f3 i Llenguatge | Pla Marcell","og_description":"Centre PESAL a Cardedeu. L\u2019Institut Pla Marcell ofereix suport educatiu en audici\u00f3 i llenguatge per a alumnat amb p\u00e8rdua auditiva.","og_url":"https:\/\/www.plamarcell.cat\/web\/som-centre-pesal\/","og_site_name":"Institut Pla Marcell","article_modified_time":"2026-04-22T19:08:26+00:00","twitter_card":"summary_large_image","twitter_misc":{"Temps estimat de lectura":"2 minuts"},"schema":{"@context":"https:\/\/schema.org","@graph":[{"@type":"WebPage","@id":"https:\/\/www.plamarcell.cat\/web\/som-centre-pesal\/","url":"https:\/\/www.plamarcell.cat\/web\/som-centre-pesal\/","name":"Som Centre PESAL | Suport a l\u2019Audici\u00f3 i Llenguatge | Pla Marcell","isPartOf":{"@id":"https:\/\/www.plamarcell.cat\/web\/#website"},"datePublished":"2026-04-22T17:45:18+00:00","dateModified":"2026-04-22T19:08:26+00:00","description":"Centre PESAL a Cardedeu. L\u2019Institut Pla Marcell ofereix suport educatiu en audici\u00f3 i llenguatge per a alumnat amb p\u00e8rdua auditiva.","breadcrumb":{"@id":"https:\/\/www.plamarcell.cat\/web\/som-centre-pesal\/#breadcrumb"},"inLanguage":"ca","potentialAction":[{"@type":"ReadAction","target":["https:\/\/www.plamarcell.cat\/web\/som-centre-pesal\/"]}]},{"@type":"BreadcrumbList","@id":"https:\/\/www.plamarcell.cat\/web\/som-centre-pesal\/#breadcrumb","itemListElement":[{"@type":"ListItem","position":1,"name":"Inici","item":"https:\/\/www.plamarcell.cat\/web\/"},{"@type":"ListItem","position":2,"name":"Som centre PESAL"}]},{"@type":"WebSite","@id":"https:\/\/www.plamarcell.cat\/web\/#website","url":"https:\/\/www.plamarcell.cat\/web\/","name":"Institut Pla Marcell","description":"Decidir, conviure i aprendre","publisher":{"@id":"https:\/\/www.plamarcell.cat\/web\/#organization"},"potentialAction":[{"@type":"SearchAction","target":{"@type":"EntryPoint","urlTemplate":"https:\/\/www.plamarcell.cat\/web\/?s={search_term_string}"},"query-input":{"@type":"PropertyValueSpecification","valueRequired":true,"valueName":"search_term_string"}}],"inLanguage":"ca"},{"@type":"Organization","@id":"https:\/\/www.plamarcell.cat\/web\/#organization","name":"Institut Pla Marcell","url":"https:\/\/www.plamarcell.cat\/web\/","logo":{"@type":"ImageObject","inLanguage":"ca","@id":"https:\/\/www.plamarcell.cat\/web\/#\/schema\/logo\/image\/","url":"https:\/\/www.plamarcell.cat\/web\/wp-content\/uploads\/2025\/03\/ima-Logo-header-1.png","contentUrl":"https:\/\/www.plamarcell.cat\/web\/wp-content\/uploads\/2025\/03\/ima-Logo-header-1.png","width":1200,"height":700,"caption":"Institut Pla Marcell"},"image":{"@id":"https:\/\/www.plamarcell.cat\/web\/#\/schema\/logo\/image\/"},"sameAs":["https:\/\/www.instagram.com\/pla.marcell\/"]}]}},"_links":{"self":[{"href":"https:\/\/www.plamarcell.cat\/web\/wp-json\/wp\/v2\/pages\/5855","targetHints":{"allow":["GET"]}}],"collection":[{"href":"https:\/\/www.plamarcell.cat\/web\/wp-json\/wp\/v2\/pages"}],"about":[{"href":"https:\/\/www.plamarcell.cat\/web\/wp-json\/wp\/v2\/types\/page"}],"author":[{"embeddable":true,"href":"https:\/\/www.plamarcell.cat\/web\/wp-json\/wp\/v2\/users\/1"}],"replies":[{"embeddable":true,"href":"https:\/\/www.plamarcell.cat\/web\/wp-json\/wp\/v2\/comments?post=5855"}],"version-history":[{"count":12,"href":"https:\/\/www.plamarcell.cat\/web\/wp-json\/wp\/v2\/pages\/5855\/revisions"}],"predecessor-version":[{"id":5874,"href":"https:\/\/www.plamarcell.cat\/web\/wp-json\/wp\/v2\/pages\/5855\/revisions\/5874"}],"wp:attachment":[{"href":"https:\/\/www.plamarcell.cat\/web\/wp-json\/wp\/v2\/media?parent=5855"}],"curies":[{"name":"wp","href":"https:\/\/api.w.org\/{rel}","templated":true}]}}